{"id":747,"date":"2024-09-05T17:10:30","date_gmt":"2024-09-05T17:10:30","guid":{"rendered":"https:\/\/afreektoursandtravel.com\/wp-de\/?post_type=product&#038;p=747"},"modified":"2025-07-14T14:50:41","modified_gmt":"2025-07-14T14:50:41","slug":"rhino-tracking-and-murchison-falls","status":"publish","type":"product","link":"https:\/\/afreektoursandtravel.com\/wp-de\/product\/rhino-tracking-and-murchison-falls\/","title":{"rendered":"MURCHISON FALLS UND NASHORN-TRACKING"},"content":{"rendered":"<h3 style=\"text-align: center;\">MURCHISON FALLS UND NASHORN-TRACKING<\/h3>\n<h3 style=\"text-align: center;\">3-T\u00e4gige Reise!<\/h3>\n<hr \/>\n<h4>KOSTEN: AB 1.392 USD PRO PERSON<\/h4>\n<hr \/>\n<p class=\"\" data-start=\"0\" data-end=\"15\"><strong data-start=\"0\" data-end=\"15\">H\u00f6hepunkte!<\/strong><\/p>\n<ul data-start=\"17\" data-end=\"215\">\n<li data-start=\"17\" data-end=\"69\">\n<p data-start=\"19\" data-end=\"69\">White-Rhino-Tracking im Ziwa Rhino Sanctuary<\/p>\n<\/li>\n<li data-start=\"70\" data-end=\"123\">\n<p data-start=\"72\" data-end=\"123\">Pirschfahrten im Murchison Falls Nationalpark<\/p>\n<\/li>\n<li data-start=\"124\" data-end=\"166\">\n<p data-start=\"126\" data-end=\"166\">Bootsfahrt zum Fu\u00df der Wasserf\u00e4lle<\/p>\n<\/li>\n<li data-start=\"167\" data-end=\"215\">\n<p data-start=\"169\" data-end=\"215\">Wanderung zum Gipfel der Murchison Falls<\/p>\n<\/li>\n<\/ul>\n<p class=\"\" data-start=\"222\" data-end=\"244\"><strong data-start=\"222\" data-end=\"244\">Kosten beinhalten:<\/strong><\/p>\n<ul data-start=\"246\" data-end=\"415\" data-is-last-node=\"\" data-is-only-node=\"\">\n<li data-start=\"246\" data-end=\"286\">\n<p data-start=\"248\" data-end=\"286\">Transport w\u00e4hrend der gesamten Reise<\/p>\n<\/li>\n<li data-start=\"287\" data-end=\"349\">\n<p data-start=\"289\" data-end=\"349\">2 \u00dcbernachtungen in einem 4-Sterne-Hotel mit Fr\u00fchst\u00fcck<\/p>\n<\/li>\n<li data-start=\"350\" data-end=\"415\">\n<p data-start=\"352\" data-end=\"415\">Alle Aktivit\u00e4ten und Eintrittsgeb\u00fchren in die Nationalparks<\/p>\n<\/li>\n<\/ul>\n<p>&nbsp;<\/p>\n<hr \/>\n<h4>REISEVERLAUF<\/h4>\n<p><strong>TAG 1: Fahrt zum Murchison Falls Nationalpark<\/strong><\/p>\n<p>Beginnen Sie den Tag mit einem kr\u00e4ftigen Fr\u00fchst\u00fcck (je nach vorheriger Absprache) und treffen Sie anschlie\u00dfend unseren Reiseleiter\/Fahrer, der Ihnen ein kurzes Briefing zur bevorstehenden Tour gibt. Danach startet Ihre Reise zu einem unvergesslichen Abenteuer.<\/p>\n<p>Der Murchison Falls Nationalpark ist der gr\u00f6\u00dfte Nationalpark Ugandas und empf\u00e4ngt die meisten Touristen im ganzen Land. Ber\u00fchmt ist er vor allem f\u00fcr das Naturwunder der Murchison Falls, auch bekannt als Kabalega Falls, wo sich der Nil durch eine enge Felsspalte st\u00fcrzt.<\/p>\n<p>Auf Ihrer Fahrt passieren Sie mehrere St\u00e4dte, erleben verschiedene Klimazonen und Kulturen. Ein Highlight auf dem Weg ist der Stopp im Ziwa Rhino Sanctuary, wo die vom Aussterben bedrohten wei\u00dfen Nash\u00f6rner gez\u00fcchtet werden. Hier haben Sie die einmalige Gelegenheit, diese Tiere aus n\u00e4chster N\u00e4he zu beobachten, mehr \u00fcber ihr Verhalten, ihre Fortpflanzung und den Schutz dieser Art zu erfahren.<\/p>\n<p>Weiter geht es durch Masindi, wo Sie beim Mittagessen von einer traditionellen Kulturgruppe unterhalten werden. Von dort aus sind es noch etwa eine Stunde Fahrt bis zum Parkeingang. Wenn Sie fr\u00fch genug ankommen, haben Sie die M\u00f6glichkeit, noch an einer abendlichen Pirschfahrt teilzunehmen, um sich schon mit dem Terrain vertraut zu machen.<\/p>\n<p>Anschlie\u00dfend geht es zur Unterkunft, wo Sie sich entspannen, frisch machen und das Abendessen genie\u00dfen.<\/p>\n<hr \/>\n<h4>TAG 2: Fr\u00fche Wildbeobachtungsfahrt &amp; Nil-Bootstour<\/h4>\n<p>Stehen Sie fr\u00fch auf und bereiten Sie sich auf die Pirschfahrt vor. Gegen 6:30 Uhr beginnt das Abenteuer in der Wildnis, auf der Suche nach Raubkatzen auf der Jagd und anderen fr\u00fch aktiven Tieren. Halten Sie Ausschau nach beeindruckender Tierwelt wie Hy\u00e4nen, Antilopen, Leoparden, Elefanten, B\u00fcffeln, L\u00f6wen und vielen mehr. Diese morgendliche Pirschfahrt gibt Ihnen die Chance, die ber\u00fchmten \u201eBig Four\u201c zu sichten.<\/p>\n<p>Auch Vogelliebhaber kommen auf ihre Kosten \u2013 mit einer Vielzahl von Arten wie Reihern, Ibissen, Marabus, Eisv\u00f6geln und weiteren. Besonders spannend ist die Suche nach dem seltenen Schuhschnabel-Storch, der im Delta von Murchison Falls beheimatet ist.<\/p>\n<p>W\u00e4hrend der Pirschfahrt k\u00f6nnen Sie sich auch bei einem Picknick am Flussufer entspannen \u2013 begleitet von den typischen Ger\u00e4uschen der Flusspferde. Diese Naturerfahrung sorgt f\u00fcr bleibende Eindr\u00fccke.<\/p>\n<p>Nach der morgendlichen Safari kehren Sie zur Lodge zur\u00fcck f\u00fcr ein Fr\u00fchst\u00fcck oder Mittagessen. Danach bereiten Sie sich auf das Highlight des Nachmittags vor \u2013 die Bootsfahrt auf dem Nil.<\/p>\n<p>Diese beeindruckende Bootstour bietet Ihnen nicht nur einen hautnahen Blick auf den Nil, sondern auch auf weitere Tiere wie Krokodile, B\u00fcffel, Wasserb\u00f6cke, Giraffen, Uganda-Kobs, Elefanten und viele mehr.<\/p>\n<p>Zahlreiche Vogelarten wie Eisv\u00f6gel, Weberv\u00f6gel, Bienenfresser, Kuhreiher begleiten Sie w\u00e4hrend der Fahrt. Der Blick auf die Uferlandschaft und das Spr\u00fchwasser am Fu\u00dfe der Wasserf\u00e4lle ist ein weiteres Highlight. Hier haben Sie reichlich Gelegenheit f\u00fcr Fotografien und zum Staunen \u00fcber die nat\u00fcrliche Sch\u00f6nheit.<\/p>\n<p>Am Ende dieses erlebnisreichen Tages fahren Sie zur\u00fcck zur Lodge, genie\u00dfen das Abendessen und verbringen eine entspannte Nacht.<\/p>\n<hr \/>\n<h4>TAG 3: Fr\u00fchmorgendliche Pirschfahrt &amp; R\u00fcckfahrt nach Kampala<\/h4>\n<p>Nach einem fr\u00fchen Fr\u00fchst\u00fcck starten Sie zu einer weiteren morgendlichen Wildbeobachtungsfahrt. Diesmal fahren Sie in Richtung der Spitze der Murchison-Wasserf\u00e4lle.<\/p>\n<p>W\u00e4hrend der Wanderung zur Spitze der Wasserf\u00e4lle erleben Sie ein spektakul\u00e4res Naturereignis: Der m\u00e4chtige Nil zw\u00e4ngt sich durch eine nur 7 Meter breite Schlucht und st\u00fcrzt mit gewaltiger Kraft 42 Meter in die Tiefe, wobei ein ohrenbet\u00e4ubendes Tosen und Wasserspritzer bis zu 10 Meter hoch entstehen.<\/p>\n<p>Ein atemberaubendes Zeugnis der Kraft von Mutter Natur.<\/p>\n<p>Nach diesem eindrucksvollen Abenteuer treten Sie die R\u00fcckreise nach Kampala an. Unterwegs gibt es einen Stopp zum Mittagessen. Anschlie\u00dfend erfolgt der Transfer zu Ihrem Wunschziel in Kampala oder Umgebung.<\/p>\n<hr \/>\n<p style=\"text-align: center;\"><strong>ENDE<\/strong><\/p>\n<p style=\"text-align: center;\"><strong>VIELEN DANK, DASS SIE SICH F\u00dcR AFREEK TOURS AND TRAVEL ENTSCHIEDEN HABEN<\/strong><\/p>\n<p style=\"text-align: center;\"><strong>Z\u00d6GERN SIE NICHT, UNS BEI FRAGEN ZU KONTAKTIEREN<\/strong><\/p>\n","protected":false},"excerpt":{"rendered":"<h3 style=\"text-align: center;\">3-T\u00e4gige Reise!<\/h3>\n<hr \/>\n<h4>KOSTEN: AB 1.392 USD PRO PERSON<\/h4>\n<hr \/>\n<p class=\"\" data-start=\"0\" data-end=\"15\"><strong data-start=\"0\" data-end=\"15\">H\u00f6hepunkte!<\/strong><\/p>\n<p>White-Rhino-Tracking im Ziwa Rhino Sanctuary<\/p>\n<p>Pirschfahrten im Murchison Falls Nationalpark<\/p>\n<p data-start=\"126\" data-end=\"166\">Bootsfahrt zum Fu\u00df der Wasserf\u00e4lle<\/p>\n<p data-start=\"169\" data-end=\"215\">Wanderung zum Gipfel der Murchison Falls<\/p>\n<p class=\"\" data-start=\"222\" data-end=\"244\"><strong data-start=\"222\" data-end=\"244\">Kosten beinhalten:<\/strong><\/p>\n<p data-start=\"248\" data-end=\"286\">Transport w\u00e4hrend der gesamten Reise<\/p>\n<p data-start=\"248\" data-end=\"286\">2 \u00dcbernachtungen in einem 4-Sterne-Hotel mit Fr\u00fchst\u00fcck<\/p>\n<p data-start=\"352\" data-end=\"415\">Alle Aktivit\u00e4ten und Eintrittsgeb\u00fchren in die Nationalparks<\/p>\n<p>&nbsp;<\/p>\n<hr \/>\n","protected":false},"featured_media":560,"template":"","meta":[],"product_brand":[],"product_cat":[91],"product_tag":[],"class_list":{"0":"post-747","1":"product","2":"type-product","3":"status-publish","4":"has-post-thumbnail","6":"product_cat-beyond-ea-market","8":"first","9":"instock","10":"taxable","11":"shipping-taxable","12":"purchasable","13":"product-type-simple"},"_links":{"self":[{"href":"https:\/\/afreektoursandtravel.com\/wp-de\/wp-json\/wp\/v2\/product\/747","targetHints":{"allow":["GET"]}}],"collection":[{"href":"https:\/\/afreektoursandtravel.com\/wp-de\/wp-json\/wp\/v2\/product"}],"about":[{"href":"https:\/\/afreektoursandtravel.com\/wp-de\/wp-json\/wp\/v2\/types\/product"}],"wp:featuredmedia":[{"embeddable":true,"href":"https:\/\/afreektoursandtravel.com\/wp-de\/wp-json\/wp\/v2\/media\/560"}],"wp:attachment":[{"href":"https:\/\/afreektoursandtravel.com\/wp-de\/wp-json\/wp\/v2\/media?parent=747"}],"wp:term":[{"taxonomy":"product_brand","embeddable":true,"href":"https:\/\/afreektoursandtravel.com\/wp-de\/wp-json\/wp\/v2\/product_brand?post=747"},{"taxonomy":"product_cat","embeddable":true,"href":"https:\/\/afreektoursandtravel.com\/wp-de\/wp-json\/wp\/v2\/product_cat?post=747"},{"taxonomy":"product_tag","embeddable":true,"href":"https:\/\/afreektoursandtravel.com\/wp-de\/wp-json\/wp\/v2\/product_tag?post=747"}],"curies":[{"name":"wp","href":"https:\/\/api.w.org\/{rel}","templated":true}]}}