{"id":743,"date":"2024-09-05T15:19:34","date_gmt":"2024-09-05T15:19:34","guid":{"rendered":"https:\/\/afreektoursandtravel.com\/wp-de\/?post_type=product&#038;p=743"},"modified":"2025-07-14T16:13:15","modified_gmt":"2025-07-14T16:13:15","slug":"lake-mburo-national-park-c-ultural-tourism-of-the-banyankore","status":"publish","type":"product","link":"https:\/\/afreektoursandtravel.com\/wp-de\/product\/lake-mburo-national-park-c-ultural-tourism-of-the-banyankore\/","title":{"rendered":"LAKE MBURO NATIONAL PARK &amp; KULTURTOURISMUS DER BANYANKORE"},"content":{"rendered":"<h4 align=\"center\">LAKE MBURO NATIONAL PARK &amp;\u00a0KULTURTOURISMUS DER BANYANKORE<\/h4>\n<h4 align=\"center\">4-T\u00e4gige Reise!<\/h4>\n<hr \/>\n<p><strong>KOSTEN: AB 1250 USD PRO PERSON<\/strong><\/p>\n<hr \/>\n<p><strong>\u00dcbersicht<\/strong><\/p>\n<ul>\n<li>Pirschfahrten im Lake Mburo Nationalpark<\/li>\n<li>Bootsfahrt auf dem Lake Mburo<\/li>\n<li>Besuch des Igongo Cultural Village\/Museums<\/li>\n<\/ul>\n<p><strong>Kosten beinhalten:<\/strong><\/p>\n<ul>\n<li>3 \u00dcbernachtungen in einer 4-Sterne-Unterkunft mit Fr\u00fchst\u00fcck<\/li>\n<li>Transport w\u00e4hrend der gesamten Reise<\/li>\n<li>Alle Aktivit\u00e4ten und Eintrittsgeb\u00fchren in die Nationalparks<\/li>\n<\/ul>\n<p>&nbsp;<\/p>\n<hr \/>\n<h3><strong>\u00dcberblick<\/strong><\/h3>\n<p>Eine Safari im Lake Mburo Nationalpark ist erst dann wirklich vollst\u00e4ndig, wenn sie mit kulturellen Besuchen in den umliegenden Gemeinden kombiniert wird. Diese Besuche sind nicht nur unterhaltsam, sondern auch lehrreich \u2013 sie er\u00f6ffnen eine ganz neue Lebensperspektive, die sich deutlich von dem unterscheidet, was Sie als Tourist gewohnt sind.<\/p>\n<p>Die Grenzgebiete des Lake Mburo Nationalparks sind von den Gemeinschaften der Banyankore und Bahima besiedelt. Urspr\u00fcnglich war das Land, das heute den Nationalpark umfasst, Stammesland dieser beiden Volksgruppen, bevor es als Schutzgebiet ausgewiesen wurde. Ein Besuch dieser Gemeinden erm\u00f6glicht es Ihnen, ihr reiches kulturelles Erbe sowie zahlreiche traditionelle Aktivit\u00e4ten hautnah zu erleben.<\/p>\n<p>W\u00e4hrend Ihres Aufenthalts werden Ihnen kulturelle Normen und Br\u00e4uche in Form von Tanz und Theater n\u00e4hergebracht \u2013 darunter der ber\u00fchmte traditionelle Tanz \u201eEkitaguriro\u201c, der als besonders faszinierend und eindrucksvoll gilt.<\/p>\n<p>Da die Banyankore und Bahima traditionell Viehz\u00fcchter sind, erwarten Sie einzigartige Einblicke in deren Alltag, zum Beispiel:<\/p>\n<ul>\n<li>Okukama \u2013 das traditionelle Melken von K\u00fchen per Hand<\/li>\n<li>Okweyera n\u2019okwarira ekihongore ky\u2019enyena \u2013 das Einrichten eines K\u00e4lberstalls<\/li>\n<li>Ekicunga \u2013 die Verwendung von handgefertigter Keramik<\/li>\n<li>Okurunga eshabwe \u2013 die Zubereitung einer traditionellen Sauce aus Kuhbutter (Ghee), ganz ohne Feuer<\/li>\n<li>u.v.m.<\/li>\n<\/ul>\n<p>Mit dieser \u00dcbersicht l\u00e4sst sich sagen: Diese Erfahrung wird nicht nur spannend und unterhaltsam, sondern auch tiefgreifend und lehrreich \u2013 ein authentischer Einblick in die westugandische Kultur der Banyankore und Bahima.<\/p>\n<p>&nbsp;<\/p>\n<hr \/>\n<h4>REISEVERLAUF<\/h4>\n<p><strong>TAG 1: Ankunft im Lake Mburo Nationalpark<\/strong><\/p>\n<p>Starten Sie fr\u00fch in den Tag mit einem kr\u00e4ftigen Fr\u00fchst\u00fcck, danach werden Sie von einem unserer Reiseleiter von Afreek Tours and Travel abgeholt. Nach einem kurzen Briefing \u00fcber Ihre spannende Kurzreise zu Lake Mburo \u2013 mit Wildtierbeobachtung, Bootsfahrt und kultureller Safari \u2013 beginnt Ihre Fahrt in Richtung Lake Mburo Nationalpark.<\/p>\n<p>Unterwegs passieren Sie mehrere kleine St\u00e4dte entlang der Kampala\u2013Mbarara-Stra\u00dfe. Auf dem Weg haben Sie die M\u00f6glichkeit, am \u00c4quator einen Zwischenstopp f\u00fcr Fotos und kleine Experimente einzulegen \u2013 ein faszinierendes Erlebnis, um sich mitten auf der Erdlinie zu befinden.<\/p>\n<p>Nach Ihrer Ankunft im Park checken Sie in Ihrer Lodge ein, genie\u00dfen ein Mittagessen und haben Zeit zur kurzen Entspannung. Anschlie\u00dfend erwartet Sie eine kurze abendliche Pirschfahrt, bei der Sie erste Eindr\u00fccke von der vielf\u00e4ltigen Tierwelt sammeln k\u00f6nnen.<\/p>\n<hr \/>\n<p><strong>TAG 2: Morgendliche Pirschfahrt &amp; nachmitt\u00e4gliche Bootstour<\/strong><\/p>\n<p>Stehen Sie fr\u00fch auf, st\u00e4rken Sie sich mit einem Fr\u00fchst\u00fcck und machen Sie sich bereit f\u00fcr ein unvergessliches Abenteuer zu Land und Wasser. Nach dem Fr\u00fchst\u00fcck beginnt Ihre morgendliche Pirschfahrt im Lake Mburo Nationalpark.<\/p>\n<p>Der Park ist bekannt f\u00fcr seine Zebras, die Bootstouren, Reitsafaris und eine vielf\u00e4ltige Tierwelt. W\u00e4hrend der Pirschfahrt k\u00f6nnen Sie mit Sichtungen von Elefantenherden, Leoparden, B\u00fcffeln und weiteren Wildtieren rechnen.<\/p>\n<p>Fr\u00fcher galten L\u00f6wen im Park als ausgestorben, da sie gejagt wurden, doch durch die verbesserte Zusammenarbeit zwischen Regierung und lokalen Gemeinden wurden einige Wildtiere wiederangesiedelt, darunter auch L\u00f6wen \u2013 obwohl diese nur selten zu sehen sind.<\/p>\n<p>Nach der Pirschfahrt kehren Sie zur Unterkunft zur\u00fcck, um sich auszuruhen und zu Mittag zu essen. Anschlie\u00dfend bereiten Sie sich auf das n\u00e4chste Highlight vor:<\/p>\n<p>Eine Bootstour auf dem Lake Mburo am Nachmittag. Ihr Kapit\u00e4n erwartet Sie bereits f\u00fcr die ca. zweist\u00fcndige Bootsfahrt, auf der Sie Flusspferde, Krokodile, Wasserv\u00f6gel wie den Afrikanischen Fischadler und den seltenen African Finfoot beobachten k\u00f6nnen.<\/p>\n<p>Zahlreiche Wildtiere wie B\u00fcffel und Antilopen kommen an den See, um zu trinken \u2013 perfekte Bedingungen f\u00fcr tierische Beobachtungen aus n\u00e4chster N\u00e4he.<\/p>\n<p>Nach der Bootstour kehren Sie zur Lodge zur\u00fcck, wo Sie ein leckeres Abendessen und eine erholsame Nacht erwartet.<\/p>\n<p>Tipp: Ruhen Sie sich gut aus \u2013 morgen wartet ein beeindruckender und kulturell bereichernder Tag voller \u201eWows\u201c und faszinierender Einblicke in das Leben der Banyankore!<\/p>\n<hr \/>\n<p><strong>TAG 3: Besuch des Rwenjeru Community Camps &amp; Igongo Cultural Village<\/strong><\/p>\n<p>Nach dem Fr\u00fchst\u00fcck fahren Sie in Richtung Mbarara-Stadt, um das Rwenjeru Community Camp zu besuchen. Dort werden Sie herzlich von der lokalen Gemeinschaft empfangen \u2013 \u00fcberwiegend Viehhalter, die tief in der Tradition des Ankole-Rinderhirtenlebens verwurzelt sind.<\/p>\n<p>Die Gemeinde zeigt Ihnen ihren t\u00e4glichen Lebensstil, einschlie\u00dflich Rinderhaltung, traditionellem Melken und weiteren interessanten T\u00e4tigkeiten. Sie h\u00f6ren spannende Geschichten \u00fcber den Pastoralismus und die ber\u00fchmten Ankole-Rinder mit ihren beeindruckenden langen H\u00f6rnern.<\/p>\n<p>Anschlie\u00dfend geht es weiter zum Igongo Cultural Centre, auch bekannt als Igongo Cultural Museum, wo Sie ein traditionelles Mittagessen genie\u00dfen \u2013 mit authentischen regionalen Speisen.<\/p>\n<p>Nach dem Mittagessen erwartet Sie eine gef\u00fchrte Tour durch das Museum, bei der Ihnen die zahlreichen ethnografischen Sammlungen und die Geschichte der Region erkl\u00e4rt werden.<\/p>\n<p>R\u00fcckkehr zur Lodge am sp\u00e4ten Nachmittag, Entspannung, Abendessen und \u00dcbernachtung.<\/p>\n<hr \/>\n<p><strong>TAG 4: Morgendliche Pirschwanderung &amp; Abreise<\/strong><\/p>\n<p>Nach dem Fr\u00fchst\u00fcck treffen Sie einen Ranger der Uganda Wildlife Authority, der Ihnen zun\u00e4chst ein Briefing gibt, bevor es auf eine gef\u00fchrte Safari-Wanderung zu Fu\u00df geht.<\/p>\n<p>Diese Aktivit\u00e4t ist ideal f\u00fcr alle, die sich die Beine vertreten m\u00f6chten, Wildtiere aus n\u00e4chster N\u00e4he sehen wollen und gerne Fotos f\u00fcr bleibende Erinnerungen machen.<\/p>\n<p>Aktuell ist der Lake Mburo Nationalpark der einzige Park in Uganda, in dem Pirschwanderungen zu Fu\u00df erlaubt sind. Sie werden vieles von dem erleben, was Sie sonst nur aus dem Jeep sehen w\u00fcrden \u2013 nur intensiver und unmittelbarer.<\/p>\n<p>Anschlie\u00dfend Check-out aus der Lodge und R\u00fcckfahrt nach Kampala, inklusive Mittagessen unterwegs.<\/p>\n<p>Damit endet unser lehrreiches und zugleich unterhaltsames Abenteuer in die Ankole-Kultur \u2013 reich an Eindr\u00fccken, Begegnungen und Naturerlebnissen.<\/p>\n<hr \/>\n<p style=\"text-align: center;\"><strong>ENDE<\/strong><\/p>\n<p style=\"text-align: center;\"><strong>VIELEN DANK, DASS SIE SICH F\u00dcR AFREEK TOURS AND TRAVEL ENTSCHIEDEN HABEN<\/strong><\/p>\n<p style=\"text-align: center;\"><strong>Z\u00d6GERN SIE NICHT, UNS BEI FRAGEN ZU KONTAKTIEREN.<\/strong><\/p>\n","protected":false},"excerpt":{"rendered":"<h3 align=\"center\">4-T\u00e4gige Reise!<\/h3>\n<hr \/>\n<h4>KOSTEN: AB 1250 USD PRO PERSON<\/h4>\n<hr \/>\n<p><strong>\u00dcbersicht<\/strong><\/p>\n<p>Pirschfahrten im Lake Mburo Nationalpark<\/p>\n<p>Bootsfahrt auf dem Lake Mburo<\/p>\n<p>Besuch des Igongo Cultural Village\/Museums<\/p>\n<p><strong>Kosten beinhalten:<\/strong><\/p>\n<p>3 \u00dcbernachtungen in einer 4-Sterne-Unterkunft mit Fr\u00fchst\u00fcck<\/p>\n<p>Transport w\u00e4hrend der gesamten Reise<\/p>\n<p>Alle Aktivit\u00e4ten und Eintrittsgeb\u00fchren in die Nationalparks<\/p>\n<hr \/>\n","protected":false},"featured_media":452,"template":"","meta":[],"product_brand":[],"product_cat":[91],"product_tag":[],"class_list":{"0":"post-743","1":"product","2":"type-product","3":"status-publish","4":"has-post-thumbnail","6":"product_cat-beyond-ea-market","8":"first","9":"instock","10":"taxable","11":"shipping-taxable","12":"purchasable","13":"product-type-simple"},"_links":{"self":[{"href":"https:\/\/afreektoursandtravel.com\/wp-de\/wp-json\/wp\/v2\/product\/743","targetHints":{"allow":["GET"]}}],"collection":[{"href":"https:\/\/afreektoursandtravel.com\/wp-de\/wp-json\/wp\/v2\/product"}],"about":[{"href":"https:\/\/afreektoursandtravel.com\/wp-de\/wp-json\/wp\/v2\/types\/product"}],"wp:featuredmedia":[{"embeddable":true,"href":"https:\/\/afreektoursandtravel.com\/wp-de\/wp-json\/wp\/v2\/media\/452"}],"wp:attachment":[{"href":"https:\/\/afreektoursandtravel.com\/wp-de\/wp-json\/wp\/v2\/media?parent=743"}],"wp:term":[{"taxonomy":"product_brand","embeddable":true,"href":"https:\/\/afreektoursandtravel.com\/wp-de\/wp-json\/wp\/v2\/product_brand?post=743"},{"taxonomy":"product_cat","embeddable":true,"href":"https:\/\/afreektoursandtravel.com\/wp-de\/wp-json\/wp\/v2\/product_cat?post=743"},{"taxonomy":"product_tag","embeddable":true,"href":"https:\/\/afreektoursandtravel.com\/wp-de\/wp-json\/wp\/v2\/product_tag?post=743"}],"curies":[{"name":"wp","href":"https:\/\/api.w.org\/{rel}","templated":true}]}}