{"id":1574,"date":"2025-07-21T07:34:30","date_gmt":"2025-07-21T07:34:30","guid":{"rendered":"https:\/\/afreektoursandtravel.com\/wp-de\/?post_type=product&#038;p=1574"},"modified":"2025-07-21T07:40:03","modified_gmt":"2025-07-21T07:40:03","slug":"busch-zu-strand-gluck","status":"publish","type":"product","link":"https:\/\/afreektoursandtravel.com\/wp-de\/product\/busch-zu-strand-gluck\/","title":{"rendered":"BUSCH ZU STRAND GL\u00dcCK \u2013 GORILLAS BEI TAG, SANSIBAR BEI SONNENUNTERGANG"},"content":{"rendered":"<h3>8 TAGE GORILLA TRACKING UND ZANZIBAR REISE<\/h3>\n<p><strong>Reiseverlauf:<\/strong><\/p>\n<p><strong>TAG 1: Begr\u00fc\u00dfung am Flughafen<\/strong><\/p>\n<p>Unser Fahrer-Guide wird Sie je nach Ihrem Flugplan vom Flughafen abholen. Kurze Einf\u00fchrung zur Tour und danach beginnt die 8\u20139-st\u00fcndige Fahrt zum Bwindi Impenetrable Nationalpark. Auf dieser Reise haben Sie die M\u00f6glichkeit, verschiedene Vegetationen, sch\u00f6ne Landschaften und Menschen, Nyama-Choma-Orte, Stra\u00dfenessen usw. zu sehen. Sie machen einen Zwischenstopp und haben einen Fotomoment am Uganda-\u00c4quator, bevor es weiter nach Mbarara geht, wo Sie zu Mittag essen. Danach fahren Sie weiter nach Bwindi und \u00fcbernachten in der G\u00e4stelodge.<\/p>\n<p><strong>TAG 2: Gorilla Tracking<\/strong><\/p>\n<p>Sie fr\u00fchst\u00fccken im Hotel und gehen dann zum UWA-B\u00fcro f\u00fcr ein Briefing. Dort werden Sie von den bezaubernden Darbietungen der Batwa-Gemeinschaft mit Liedern, T\u00e4nzen oder Gedichten begr\u00fc\u00dft, die Ihnen mehr \u00fcber ihre Kultur erz\u00e4hlen. Danach erhalten Sie eine Einweisung von den UWA-Beamten und beginnen Ihre Wanderung. Sie nehmen das Lunchpaket aus dem Hotel mit, das Sie w\u00e4hrend der Wanderung st\u00e4rken wird.<\/p>\n<p>Gorillas sind nie an einem festen Ort, da sie sich st\u00e4ndig auf der Suche nach Nahrung im Wald bewegen. Je nachdem, wo sie lagern, werden sie aufgesp\u00fcrt. Dies kann lange dauern und eine gr\u00f6\u00dfere Strecke sein. Daher wird ein Team vorausgeschickt, um sie f\u00fcr Sie zu orten, und es kommuniziert mit den Guides, mit denen Sie unterwegs sind, um den besten Treffpunkt zu bestimmen.<\/p>\n<p>Sie verbringen etwa eine Stunde mit den Gorillas, machen Fotos und Videos, um Ihre Erinnerungen festzuhalten, und kehren dann zum Hotel zur\u00fcck. Auf dem R\u00fcckweg machen Sie eine Mittagspause und fahren dann weiter zur Unterkunft.<\/p>\n<p>Je nach R\u00fcckkehrzeit vom Tracking machen Sie entweder noch einen Naturspaziergang oder ziehen sich in die G\u00e4stelodge zur\u00fcck.<\/p>\n<p><strong>TAG 3: R\u00fcckfahrt nach Kampala<\/strong><\/p>\n<p>Nach dem Fr\u00fchst\u00fcck checken Sie aus dem Hotel aus und treten die R\u00fcckfahrt nach Kampala an. Unterwegs machen Sie einen Zwischenstopp in Masaka zum Mittagessen. Danach werden Sie zum Hotel gebracht, wo Sie auf Ihren n\u00e4chsten Flug nach Sansibar warten.<\/p>\n<p><strong>TAG 4: Transfer nach Sansibar<\/strong><\/p>\n<p>Bei Ankunft werden Sie von unserem professionellen Fahrer empfangen, der Sie mit Ihrem Gep\u00e4ck zum Hotel bringt. Der Tag steht zur freien Verf\u00fcgung zur Erholung und f\u00fcr pers\u00f6nliche Angelegenheiten. \u00dcbernachtung in der G\u00e4stelodge.<\/p>\n<p><strong>TAG 5: Safari Blue Tour<\/strong><\/p>\n<p>Nach dem Fr\u00fchst\u00fcck unternehmen Sie eine Safari Blue Tour \u2013 ein unglaubliches Erlebnis, das Inselerkundung, Schnorcheln und die Sch\u00f6nheit der unber\u00fchrten Gew\u00e4sser und des lebendigen Meereslebens Sansibars vereint. Schnorcheln ist eines der Highlights dieser Tour. Sie haben die M\u00f6glichkeit, im klaren, warmen Wasser des Indischen Ozeans zu schnorcheln, Korallenriffe, tropische Fische und manchmal sogar Meeresschildkr\u00f6ten oder Delfine zu sehen. Au\u00dferdem bleibt gen\u00fcgend Zeit zum Schwimmen. Danach R\u00fcckfahrt zum Hotel zum Ausruhen, Duschen und \u00dcbernachtung (Budget-Unterkunft).<\/p>\n<p><strong>TAG 6: Gew\u00fcrztour und Stone-Town-Tour<\/strong><\/p>\n<p>Sie fr\u00fchst\u00fccken im Hotel und werden sp\u00e4ter zur Gew\u00fcrzfarm gebracht. Dort besuchen Sie verschiedene Anbaugebiete, lernen die Gew\u00fcrze kennen, wie sie angebaut und verwendet werden. Sie k\u00f6nnen Gew\u00fcrze auch kosten und direkt vor Ort kaufen. In Sansibar werden viele Gew\u00fcrze, Heilpflanzen, kosmetische und Zierpflanzen angebaut. Anschlie\u00dfend fahren Sie weiter nach Stone Town. Dort unternehmen Sie eine bemerkenswerte private gef\u00fchrte Stadttour zu Fu\u00df (ca. 3 Stunden), bei der Sie historische Orte, den Marktbereich, den Ozeanblick und den Abend im Forodhani-Garten erleben. Danach R\u00fcckfahrt zur G\u00e4stelodge.<\/p>\n<p><strong>TAG 7: Delfintour<\/strong><\/p>\n<p>Fr\u00fch am Morgen nehmen Sie Ihr verpacktes Fr\u00fchst\u00fcck vom Hotel mit und starten zur Delfin-Kreuzfahrt mit Schnorcheln. Die Delfine lieben es, rund um die Boote zu spielen und es gibt gute Chancen, ins kristallklare Wasser zu springen und ganz nah bei den Delfinen zu schwimmen. Nach Ende der Tour kehren Sie zur\u00fcck zum Hotel, genie\u00dfen ein Abendessen am Strand und \u00fcbernachten dort.<\/p>\n<p><strong>TAG 8: Abreise<\/strong><\/p>\n<p>Am letzten Tag in Sansibar fr\u00fchst\u00fccken Sie, checken aus dem Hotel aus und werden zum Flughafen gebracht f\u00fcr Ihren R\u00fcckflug nach Hause.<\/p>\n","protected":false},"excerpt":{"rendered":"<p>Wilde Begegnungen bis zu wei\u00dfen Str\u00e4nden \u2013 eine nahtlose Reise vom undurchdringlichen Bwindi-Wald Ugandas bis zu den K\u00fcsten Sansibars. Und ja, du kannst den m\u00e4chtigen Gorillas gegen\u00fcberstehen und deine Zehen in das t\u00fcrkisfarbene Zauberglitzern Sansibars tauchen.<\/p>\n","protected":false},"featured_media":1575,"template":"","meta":[],"product_brand":[],"product_cat":[91],"product_tag":[],"class_list":{"0":"post-1574","1":"product","2":"type-product","3":"status-publish","4":"has-post-thumbnail","6":"product_cat-beyond-ea-market","8":"first","9":"instock","10":"taxable","11":"shipping-taxable","12":"purchasable","13":"product-type-simple"},"_links":{"self":[{"href":"https:\/\/afreektoursandtravel.com\/wp-de\/wp-json\/wp\/v2\/product\/1574","targetHints":{"allow":["GET"]}}],"collection":[{"href":"https:\/\/afreektoursandtravel.com\/wp-de\/wp-json\/wp\/v2\/product"}],"about":[{"href":"https:\/\/afreektoursandtravel.com\/wp-de\/wp-json\/wp\/v2\/types\/product"}],"wp:featuredmedia":[{"embeddable":true,"href":"https:\/\/afreektoursandtravel.com\/wp-de\/wp-json\/wp\/v2\/media\/1575"}],"wp:attachment":[{"href":"https:\/\/afreektoursandtravel.com\/wp-de\/wp-json\/wp\/v2\/media?parent=1574"}],"wp:term":[{"taxonomy":"product_brand","embeddable":true,"href":"https:\/\/afreektoursandtravel.com\/wp-de\/wp-json\/wp\/v2\/product_brand?post=1574"},{"taxonomy":"product_cat","embeddable":true,"href":"https:\/\/afreektoursandtravel.com\/wp-de\/wp-json\/wp\/v2\/product_cat?post=1574"},{"taxonomy":"product_tag","embeddable":true,"href":"https:\/\/afreektoursandtravel.com\/wp-de\/wp-json\/wp\/v2\/product_tag?post=1574"}],"curies":[{"name":"wp","href":"https:\/\/api.w.org\/{rel}","templated":true}]}}