{"id":1568,"date":"2025-07-18T12:46:08","date_gmt":"2025-07-18T12:46:08","guid":{"rendered":"https:\/\/afreektoursandtravel.com\/wp-de\/?post_type=product&#038;p=1568"},"modified":"2025-07-18T12:56:01","modified_gmt":"2025-07-18T12:56:01","slug":"entdecke-den-ungezahmten-zauber-der-serengeti-8-tagige-reise","status":"publish","type":"product","link":"https:\/\/afreektoursandtravel.com\/wp-de\/product\/entdecke-den-ungezahmten-zauber-der-serengeti-8-tagige-reise\/","title":{"rendered":"Entdecke den ungez\u00e4hmten Zauber der Serengeti \u2013 8-t\u00e4gige Reise!"},"content":{"rendered":"<p><strong>Reiseverlauf<\/strong><\/p>\n<p><strong>TAG 1: ANKUNFT AM FLUGHAFEN UND TRANSFER NACH ARUSHA<\/strong><br \/>\nAnkunftstag am Flughafen, je nach Ihrer Flugzeit. Hier werden Sie von unserem professionellen Fahrer-Guide empfangen und betreut. Er wird Sie kurz \u00fcber die Einzelheiten Ihrer 8-t\u00e4gigen Safari informieren.<br \/>\nSie fahren etwa eine Stunde nach Arusha zu Ihrer Lodge, wo Sie das Abendessen genie\u00dfen und die Nacht verbringen werden.<\/p>\n<p><strong>TAG 2: ARUSHA \u2013 TARANGIRE NATIONALPARK<\/strong><br \/>\nIhr Safari-Guide holt Sie von Ihrer Lodge in Arusha ab und f\u00e4hrt mit Ihnen zum Tarangire-Nationalpark (etwa 2 Stunden).<br \/>\nTarangire ist bekannt f\u00fcr seine Elefantenfamilien, Savannen, ikonischen Baobab-B\u00e4ume, saisonalen S\u00fcmpfe und den lebensspendenden Tarangire-Fluss. Am Fluss sammeln sich viele Tiere \u2013 Giraffen, Buschb\u00f6cke und Kuhantilopen sind oft zu sehen. Auch B\u00fcffel, Zebras und Gnus sind hier beheimatet. Raubtiere wie L\u00f6wen und Leoparden folgen diesen Herden.<br \/>\nVom offenen Fahrzeugdach aus k\u00f6nnen Sie die Landschaft in vollen Z\u00fcgen genie\u00dfen.<br \/>\nNach einem ganzen Tag im Park fahren wir zur Lodge, wo Sie zu Abend essen und \u00fcbernachten.<\/p>\n<p><strong>TAG 3: GANZT\u00c4GIGE PIRSCHFAHRT IM TARANGIRE NATIONALPARK<\/strong><br \/>\nHeute starten Sie mit einem fr\u00fchen Fr\u00fchst\u00fcck. Anschlie\u00dfend fahren Sie wieder in den Park f\u00fcr eine morgendliche Pirschfahrt. Zu dieser Zeit sind viele Tiere wie Elefanten, B\u00fcffel, Antilopen und Zebras besonders aktiv.<br \/>\nSie machen ein Picknick im Park und setzen danach die Pirschfahrt fort. Zum Mittagessen kehren Sie zur Lodge zur\u00fcck und k\u00f6nnen sich ausruhen.<br \/>\nAm Nachmittag unternehmen Sie eine weitere Pirschfahrt, um mehr Tiere, V\u00f6gel und die beeindruckende Landschaft zu entdecken. Danach geht es zur\u00fcck zur Lodge zum Abendessen und zur \u00dcbernachtung.<\/p>\n<p><strong>TAG 4: KARATU \u2013 SERENGETI NATIONALPARK<\/strong><br \/>\nNach dem Fr\u00fchst\u00fcck brechen Sie auf in den weltber\u00fchmten Serengeti-Nationalpark, Heimat der Gro\u00dfen Tierwanderung. Die Fahrt f\u00fchrt durch das Kraterhochland mit einem Halt am Kraterrand f\u00fcr einen atemberaubenden Blick auf den Ngorongoro-Krater.<br \/>\nVor Ihnen breitet sich die weite Serengeti aus. \u201eSerengeti\u201c bedeutet in der Maasai-Sprache \u201eendlose Ebenen\u201c. Auf 14.763\u202fkm\u00b2 leben \u00fcber 2 Millionen gro\u00dfe Tiere, darunter mehr als 1 Million Gnus.<br \/>\nRaubtiere wie L\u00f6wen, Geparden und Hy\u00e4nen werden durch das gro\u00dfe Nahrungsangebot angelockt. Auch kleinere Tiere wie Klippschliefer, L\u00f6ffelhunde, Mangusten, Honigdachse, Schakale, Affen, Paviane und afrikanische Hasen sind hier zuhause \u2013 ebenso rund 500 Vogelarten.<br \/>\nSie machen eine Pause am Naabi-Gate, genie\u00dfen ein Picknick am Naabi Hill und beobachten die Tiere.<br \/>\nNach der ausgedehnten Pirschfahrt erreichen Sie Ihre Lodge zum Abendessen und zur \u00dcbernachtung.<\/p>\n<p><strong>TAG 5: GANZT\u00c4GIGE PIRSCHFAHRT IM SERENGETI NATIONALPARK<\/strong><br \/>\nDer gesamte Tag steht f\u00fcr Pirschfahrten in der Serengeti zur Verf\u00fcgung. Neben Impalas, B\u00fcffeln, Krokodilen und Flusspferden sind vor allem die riesigen Wanderherden von Zebras, Antilopen und Gnus beeindruckend.<br \/>\nDie Wanderroute richtet sich nach den Regenzeiten: Im November und Dezember zieht es die Tiere in den S\u00fcden, von April bis Juni wandern sie zur\u00fcck in den Norden.<br \/>\nZus\u00e4tzlich zu den Herden k\u00f6nnen Sie Raubtiere wie Leoparden, Geparden und L\u00f6wen beobachten.<br \/>\nMittags kehren Sie zur Lodge f\u00fcr ein warmes Mittagessen zur\u00fcck. Danach setzen Sie die Pirschfahrt bis zum sp\u00e4ten Nachmittag fort.<br \/>\nZum Abendessen und zur \u00dcbernachtung kehren Sie in die Partner-Lodge zur\u00fcck.<\/p>\n<p><strong>TAG 6: SERENGETI \u2013 NGORONGORO SCHUTZGEBIET<\/strong><br \/>\nNach dem Fr\u00fchst\u00fcck starten Sie zu einer Pirschfahrt auf dem Weg in Richtung Ngorongoro. Unterwegs haben Sie die M\u00f6glichkeit, mit etwas Gl\u00fcck die \u201eBig Five\u201c \u2013 L\u00f6we, Elefant, B\u00fcffel, Leopard \u2013 zu sehen.<br \/>\nDa es keine Z\u00e4une gibt, bewegen sich die Tiere frei zwischen den Parks. Am Kraterrand angekommen, erwartet Sie ein erster atemberaubender Blick auf die weiten Grasfl\u00e4chen, Fl\u00fcsse und die gro\u00dfe Zahl an Wildtieren.<br \/>\nSie \u00fcbernachten in einer Lodge in der N\u00e4he des Kraterrands.<\/p>\n<p><strong>TAG 7: NGORONGORO-KRATERABFAHRT<\/strong><br \/>\nSie starten sehr fr\u00fch in den Tag mit einer morgendlichen Pirschfahrt, um die Tiere in ihrer aktivsten Zeit zu erleben und den afrikanischen Sonnenaufgang zu bewundern \u2013 ein unvergessliches Erlebnis.<br \/>\nIm Ngorongoro-Krater leben nahezu alle Arten Ostafrikas \u2013 darunter auch das seltene Spitzmaulnashorn.<br \/>\nDer Krater weist die h\u00f6chste Wildtierdichte der Welt auf. Er umfasst Fl\u00fcsse, S\u00fcmpfe, einen Sodasee mit Flamingos, Wald- und Graslandschaften.<br \/>\nDie Elefantenbullen sind hier besonders gro\u00df und tragen m\u00e4chtige Sto\u00dfz\u00e4hne \u2013 dank der mineralreichen Vulkanerde.<br \/>\nNach einem eindrucksvollen Tag kehren Sie nach Karatu in Ihre Lodge zum Abendessen und zur \u00dcbernachtung zur\u00fcck.<\/p>\n<p><strong>TAG 8: FLUGHAFENTRANSFER<\/strong><br \/>\nNach dem Fr\u00fchst\u00fcck in der Lodge k\u00f6nnen Sie \u2013 je nach Flugzeit \u2013 die letzten Stunden entspannen. Wenn Zeit bleibt, stehen Ihnen optionale Aktivit\u00e4ten zur Verf\u00fcgung. Anschlie\u00dfend erfolgt der Transfer zum Flughafen f\u00fcr Ihren Heimflug.<\/p>\n","protected":false},"excerpt":{"rendered":"<p>Dieses Safari-Paket bietet Ihnen eine spannende Gelegenheit, die sch\u00f6nsten Parks im Norden Tansanias zu besuchen. Dazu geh\u00f6rt ein Besuch der endlosen Ebenen des Serengeti-Nationalparks, wo Sie alle Big Five sehen k\u00f6nnen. Sie werden auch den Ngorongoro-Krater besuchen, der vor Ort als der Garten der Tiere bekannt ist, wo Sie eine gro\u00dfe Chance haben, alle Big Five an einem Tag zu sehen.<\/p>\n","protected":false},"featured_media":1569,"template":"","meta":[],"product_brand":[],"product_cat":[91],"product_tag":[],"class_list":{"0":"post-1568","1":"product","2":"type-product","3":"status-publish","4":"has-post-thumbnail","6":"product_cat-beyond-ea-market","8":"first","9":"instock","10":"taxable","11":"shipping-taxable","12":"purchasable","13":"product-type-simple"},"_links":{"self":[{"href":"https:\/\/afreektoursandtravel.com\/wp-de\/wp-json\/wp\/v2\/product\/1568","targetHints":{"allow":["GET"]}}],"collection":[{"href":"https:\/\/afreektoursandtravel.com\/wp-de\/wp-json\/wp\/v2\/product"}],"about":[{"href":"https:\/\/afreektoursandtravel.com\/wp-de\/wp-json\/wp\/v2\/types\/product"}],"wp:featuredmedia":[{"embeddable":true,"href":"https:\/\/afreektoursandtravel.com\/wp-de\/wp-json\/wp\/v2\/media\/1569"}],"wp:attachment":[{"href":"https:\/\/afreektoursandtravel.com\/wp-de\/wp-json\/wp\/v2\/media?parent=1568"}],"wp:term":[{"taxonomy":"product_brand","embeddable":true,"href":"https:\/\/afreektoursandtravel.com\/wp-de\/wp-json\/wp\/v2\/product_brand?post=1568"},{"taxonomy":"product_cat","embeddable":true,"href":"https:\/\/afreektoursandtravel.com\/wp-de\/wp-json\/wp\/v2\/product_cat?post=1568"},{"taxonomy":"product_tag","embeddable":true,"href":"https:\/\/afreektoursandtravel.com\/wp-de\/wp-json\/wp\/v2\/product_tag?post=1568"}],"curies":[{"name":"wp","href":"https:\/\/api.w.org\/{rel}","templated":true}]}}