{"id":1562,"date":"2025-07-18T12:17:06","date_gmt":"2025-07-18T12:17:06","guid":{"rendered":"https:\/\/afreektoursandtravel.com\/wp-de\/?post_type=product&#038;p=1562"},"modified":"2025-07-18T12:43:29","modified_gmt":"2025-07-18T12:43:29","slug":"serengeti-wo-die-wildnis-am-lautesten-brullt","status":"publish","type":"product","link":"https:\/\/afreektoursandtravel.com\/wp-de\/product\/serengeti-wo-die-wildnis-am-lautesten-brullt\/","title":{"rendered":"Serengeti \u2013 Wo die Wildnis am lautesten br\u00fcllt \u2013 6-t\u00e4gige Reise!"},"content":{"rendered":"<p><strong>Reiseverlauf:<\/strong><\/p>\n<p><strong>TAG 1: ANKUNFT AM FLUGHAFEN UND TRANSFER NACH ARUSHA<\/strong><\/p>\n<p>Ankunftstag am Flughafen, je nach Flugzeit. Hier werden Sie von unserem professionellen Fahrer-Guide empfangen und betreut, der Ihnen eine kurze Einf\u00fchrung zu Ihrer sechst\u00e4gigen Safari gibt.<br \/>\nSie fahren etwa eine Stunde in Richtung Arusha zu Ihrer Lodge, wo Sie ein Abendessen genie\u00dfen und \u00fcbernachten werden.<\/p>\n<p><strong>TAG 2: ARUSHA \u2013 TARANGIRE NATIONALPARK<\/strong><\/p>\n<p>Sie werden von der Lodge in Arusha abgeholt und zum Tarangire-Nationalpark gefahren (ca. 2 Stunden). Tarangire ist bekannt f\u00fcr seine Elefantenherden, die Savanne, die ikonischen Baobab-B\u00e4ume, saisonale S\u00fcmpfe und den lebensspendenden Tarangire-Fluss. Am Fluss sammeln sich viele Tiere, u.a. Giraffen, Buschb\u00f6cke und Kuhantilopen. Der Park beherbergt au\u00dferdem B\u00fcffel, Zebras und Gnus. Diese Tiere werden oft von Raubtieren wie L\u00f6wen und Leoparden verfolgt.<br \/>\nVom offenen Dach des Fahrzeugs aus k\u00f6nnen Sie die Landschaft genie\u00dfen und die Tierwelt beobachten.<br \/>\nNach einem ganzen Tag im Park werden Sie zur Lodge zur\u00fcckgefahren, wo Sie zu Abend essen und \u00fcbernachten.<\/p>\n<p><strong>TAG 3: KARATU \u2013 SERENGETI NATIONALPARK<\/strong><\/p>\n<p>Nach dem Fr\u00fchst\u00fcck brechen Sie auf in den ber\u00fchmten Serengeti-Nationalpark, Heimat der Gro\u00dfen Tierwanderung. Die Fahrt f\u00fchrt durch die beeindruckenden Kraterhochl\u00e4nder, mit einem Halt am Rand des Ngorongoro-Kraters f\u00fcr einen Panoramablick.<br \/>\nWeiter geht es in die endlosen Ebenen der Serengeti (Serengeti bedeutet \u201eendlose Ebene\u201c in der Sprache der Massai). Der 14.763\u202fkm\u00b2 gro\u00dfe Park ist Heimat von \u00fcber 2 Millionen gro\u00dfen Tieren, darunter mehr als eine Million Gnus. Gro\u00dfe Raubtiere wie L\u00f6wen, Geparden und Hy\u00e4nen werden von der Vielzahl an Beutetieren angelockt, die durch den Park ziehen.<br \/>\nAuch kleinere Tiere wie Klippschliefer, L\u00f6ffelhunde, Mangusten, Honigdachse, Schakale, Affen, Paviane und afrikanische Hasen sowie rund 500 Vogelarten leben hier.<br \/>\nAm Naabi-Gate halten Sie an, genie\u00dfen ein Picknick am Naabi Hill und bewundern die atemberaubende Aussicht und Tierwelt der Serengeti.<br \/>\nNach einer ausgedehnten Pirschfahrt erreichen Sie Ihre Lodge, wo Sie zu Abend essen und \u00fcbernachten.<\/p>\n<p><strong>TAG 4: GANZT\u00c4GIGE PIRSCHFAHRT IM SERENGETI NATIONALPARK<\/strong><\/p>\n<p>Dieser ganze Tag ist f\u00fcr Pirschfahrten in der Serengeti reserviert. Die Serengeti beherbergt eine F\u00fclle an Wildtieren wie Impalas, B\u00fcffel, Krokodile und Flusspferde. Besonders bekannt ist sie f\u00fcr die gro\u00dfe Wanderung der Zebras, Antilopen und Gnus, deren Zugroute vom Regen abh\u00e4ngt.<br \/>\nZwischen November und Dezember wandern die Tiere von der bewaldeten Nordregion in die s\u00fcdlichen Grasl\u00e4nder. Von April bis Juni kehren sie in den Norden zur\u00fcck.<br \/>\nNeben den wandernden Herden haben Sie die Chance, Raubtiere wie Leoparden, Geparden und L\u00f6wen in Aktion zu erleben.<br \/>\nMittags kehren Sie zur Lodge zur\u00fcck, genie\u00dfen ein warmes Mittagessen und entspannen inmitten der eindrucksvollen Serengeti-Landschaft. Am Nachmittag setzen Sie Ihre Pirschfahrt fort.<br \/>\nNach einem unvergesslichen Tag kehren Sie zur Partner-Lodge zur\u00fcck f\u00fcr Entspannung, Abendessen und \u00dcbernachtung auf der \u201eEndlosen Ebene\u201c.<\/p>\n<p><strong>TAG 5: NGORONGORO-SCHUTZGEBIET<\/strong><\/p>\n<p>Heute stehen Sie sehr fr\u00fch auf f\u00fcr eine morgendliche Safari vor dem Fr\u00fchst\u00fcck, um die Tiere in ihrer aktivsten Zeit zu beobachten und einen spektakul\u00e4ren Sonnenaufgang \u00fcber der afrikanischen Savanne zu erleben \u2013 ein einzigartiges Erlebnis.<br \/>\nAnschlie\u00dfend fahren Sie zum Ngorongoro-Krater, in dem nahezu alle wildlebenden Arten Ostafrikas heimisch sind \u2013 darunter auch das seltene Spitzmaulnashorn.<br \/>\nTats\u00e4chlich weist der Krater die h\u00f6chste Wildtierdichte weltweit auf. Er enth\u00e4lt Fl\u00fcsse, S\u00fcmpfe, einen Sodasee voller Flamingos, W\u00e4lder und offene Ebenen. Die gro\u00dfen Elefantenbullen hier haben besonders lange Sto\u00dfz\u00e4hne aufgrund des mineralreichen Vulkanbodens.<br \/>\nNach einem erf\u00fcllten Tag kehren Sie zum Abendessen und zur \u00dcbernachtung in eine Lodge in Karatu zur\u00fcck.<\/p>\n<p><strong>TAG 6: FLUGHAFENTRANSFER<\/strong><\/p>\n<p>Nach dem Fr\u00fchst\u00fcck in der Lodge k\u00f6nnen Sie \u2013 je nach Flugzeit \u2013 die letzten Stunden entspannt verbringen. Bei verf\u00fcgbarer Zeit vor der Abreise stehen Ihnen einige optionale Aktivit\u00e4ten zur Verf\u00fcgung. Anschlie\u00dfend erfolgt der Transfer zum Flughafen f\u00fcr Ihren Heimflug.<\/p>\n","protected":false},"excerpt":{"rendered":"<p>Come witness the greatest migration, the nature&#8217;s greatest show only found in Seregenti National Park!<\/p>\n","protected":false},"featured_media":1563,"template":"","meta":[],"product_brand":[],"product_cat":[91],"product_tag":[],"class_list":{"0":"post-1562","1":"product","2":"type-product","3":"status-publish","4":"has-post-thumbnail","6":"product_cat-beyond-ea-market","8":"first","9":"instock","10":"taxable","11":"shipping-taxable","12":"purchasable","13":"product-type-simple"},"_links":{"self":[{"href":"https:\/\/afreektoursandtravel.com\/wp-de\/wp-json\/wp\/v2\/product\/1562","targetHints":{"allow":["GET"]}}],"collection":[{"href":"https:\/\/afreektoursandtravel.com\/wp-de\/wp-json\/wp\/v2\/product"}],"about":[{"href":"https:\/\/afreektoursandtravel.com\/wp-de\/wp-json\/wp\/v2\/types\/product"}],"wp:featuredmedia":[{"embeddable":true,"href":"https:\/\/afreektoursandtravel.com\/wp-de\/wp-json\/wp\/v2\/media\/1563"}],"wp:attachment":[{"href":"https:\/\/afreektoursandtravel.com\/wp-de\/wp-json\/wp\/v2\/media?parent=1562"}],"wp:term":[{"taxonomy":"product_brand","embeddable":true,"href":"https:\/\/afreektoursandtravel.com\/wp-de\/wp-json\/wp\/v2\/product_brand?post=1562"},{"taxonomy":"product_cat","embeddable":true,"href":"https:\/\/afreektoursandtravel.com\/wp-de\/wp-json\/wp\/v2\/product_cat?post=1562"},{"taxonomy":"product_tag","embeddable":true,"href":"https:\/\/afreektoursandtravel.com\/wp-de\/wp-json\/wp\/v2\/product_tag?post=1562"}],"curies":[{"name":"wp","href":"https:\/\/api.w.org\/{rel}","templated":true}]}}