{"id":1559,"date":"2025-07-18T11:24:50","date_gmt":"2025-07-18T11:24:50","guid":{"rendered":"https:\/\/afreektoursandtravel.com\/wp-de\/?post_type=product&#038;p=1559"},"modified":"2025-07-18T12:16:07","modified_gmt":"2025-07-18T12:16:07","slug":"schimpansen-trekking-und-lowen-tracking","status":"publish","type":"product","link":"https:\/\/afreektoursandtravel.com\/wp-de\/product\/schimpansen-trekking-und-lowen-tracking\/","title":{"rendered":"SCHIMPANSEN-TREKKING UND L\u00d6WEN-TRACKING \u2013 5-T\u00c4GIGE REISE"},"content":{"rendered":"<p><strong>Reiseverlauf:<\/strong><\/p>\n<p><strong>Tag 1: Abholung, Begr\u00fc\u00dfung und Transfer nach Kibale<\/strong><\/p>\n<p>Sie werden je nach Ankunftszeit am Flughafen von unserem Fahrer-Guide abgeholt. Dieser gibt Ihnen eine kurze Einf\u00fchrung zur Reise, bevor Sie Ihre Tour beginnen und zum Kibale-Nationalpark fahren. Die Fahrt dauert ca. 5\u20136 Stunden und f\u00fchrt durch malerische Teeplantagen.<\/p>\n<p>Sie machen einen Mittagsstopp in Fort Portal. Dort haben Sie die M\u00f6glichkeit, lokale Gerichte zu probieren und die angenehme Brise der Tourismusstadt zu genie\u00dfen.<\/p>\n<p>Nach Ihrer Ankunft checken Sie in Ihre Lodge ein und unternehmen einen Spaziergang im <strong>Bigodi Wetland Sanctuary<\/strong>, wo Sie einen ersten Eindruck von der Vogelwelt und den Primaten erhalten.<\/p>\n<p><strong>\u00dcbernachtung in der G\u00e4stelodge<\/strong><\/p>\n<hr \/>\n<p><strong>Tag 2: Schimpansen-Trekking in Kibale<\/strong><\/p>\n<p>Nach einem fr\u00fchen Fr\u00fchst\u00fcck fahren Sie zum <strong>Kanyanchu Visitor Centre<\/strong>, wo Sie ein Briefing zum Schimpansen-Trekking erhalten und anschlie\u00dfend Ihre Wanderung beginnen.<\/p>\n<p>Sie wandern etwa 2\u20134 Stunden durch den \u00fcppigen Regenwald, begleitet von Rangern der <strong>Uganda Wildlife Authority<\/strong>, und haben die Gelegenheit, <strong>eine Stunde lang Schimpansen in ihrem nat\u00fcrlichen Lebensraum zu beobachten<\/strong>.<\/p>\n<p>Danach R\u00fcckkehr zur Lodge zum Mittagessen und zur Entspannung. Am Nachmittag haben Sie optional die M\u00f6glichkeit zu einem <strong>Naturspaziergang<\/strong>, dem <strong>Besuch von Kraterseen<\/strong> oder einer <strong>kulturellen Begegnung mit der lokalen Gemeinschaft<\/strong>.<\/p>\n<p><strong>\u00dcbernachtung in der G\u00e4stelodge<\/strong><\/p>\n<hr \/>\n<p><strong>Tag 3: Kibale \u2192 Queen Elizabeth Nationalpark<\/strong><\/p>\n<p>Nach dem Fr\u00fchst\u00fcck brechen Sie zum <strong>Queen-Elizabeth-Nationalpark<\/strong> auf. Die Fahrt dauert ca. 5\u20136 Stunden.<\/p>\n<p>Nach Ankunft checken Sie in der Lodge ein und ruhen sich aus, bevor Sie sich am Nachmittag auf eine <strong>Pirschfahrt im Kasenyi- oder Ishasha-Sektor<\/strong> begeben \u2013 mit m\u00f6glichen Sichtungen von <strong>L\u00f6wen, B\u00fcffeln, Elefanten, Hy\u00e4nen<\/strong> und mehr.<\/p>\n<p><strong>\u00dcbernachtung in der Lodge<\/strong><\/p>\n<hr \/>\n<p><strong>Tag 4: Pirschfahrt &amp; Bootsfahrt<\/strong><\/p>\n<p>Sie stehen fr\u00fch auf und unternehmen eine morgendliche <strong>Pirschfahrt im Kasenyi-Sektor<\/strong>, wo Sie eine Vielzahl von Tieren sehen k\u00f6nnen, darunter <strong>baumkletternde L\u00f6wen, Elefanten, B\u00fcffel, Uganda-Kobs<\/strong> und zahlreiche Vogelarten.<\/p>\n<p>Anschlie\u00dfend kehren Sie zur Lodge zur\u00fcck, um zu Mittag zu essen und sich auszuruhen, w\u00e4hrend Sie auf die Nachmittagsaktivit\u00e4t warten.<\/p>\n<p>Am Nachmittag erwartet Sie eine <strong>Bootsfahrt auf dem Kazinga-Kanal<\/strong>, der die weltweit h\u00f6chste Dichte an Flusspferden aufweist. Au\u00dferdem sehen Sie <strong>Krokodile, B\u00fcffel<\/strong> und eine vielf\u00e4ltige Vogelwelt. Der Kanal zieht fast alle Tiere des Parks an.<\/p>\n<p>R\u00fcckkehr zur Lodge und <strong>\u00dcbernachtung<\/strong><\/p>\n<hr \/>\n<p><strong>Tag 5: R\u00fcckfahrt nach Kampala<\/strong><\/p>\n<p>Genie\u00dfen Sie ein letztes Fr\u00fchst\u00fcck, checken Sie aus der Lodge aus und \u2013 optional \u2013 unternehmen Sie ein <strong>Schimpansen-Trekking in der Kyambura-Schlucht<\/strong>: eine lohnende, 2\u20133-st\u00fcndige Wanderung durch eine steile, bewaldete Schlucht.<\/p>\n<p>Anschlie\u00dfend beginnt die <strong>R\u00fcckfahrt nach Kampala oder Entebbe<\/strong>.<\/p>\n<p><strong>Ende der Reise!<\/strong><\/p>\n","protected":false},"excerpt":{"rendered":"<p>Immense yourself in a 5-day safari itinerary combining chimpanzee tracking in Kibale National Park and a Queen Elizabeth National Park tour, tailored for a memorable Uganda adventure<\/p>\n","protected":false},"featured_media":1560,"template":"","meta":[],"product_brand":[],"product_cat":[91],"product_tag":[],"class_list":{"0":"post-1559","1":"product","2":"type-product","3":"status-publish","4":"has-post-thumbnail","6":"product_cat-beyond-ea-market","8":"first","9":"instock","10":"taxable","11":"shipping-taxable","12":"purchasable","13":"product-type-simple"},"_links":{"self":[{"href":"https:\/\/afreektoursandtravel.com\/wp-de\/wp-json\/wp\/v2\/product\/1559","targetHints":{"allow":["GET"]}}],"collection":[{"href":"https:\/\/afreektoursandtravel.com\/wp-de\/wp-json\/wp\/v2\/product"}],"about":[{"href":"https:\/\/afreektoursandtravel.com\/wp-de\/wp-json\/wp\/v2\/types\/product"}],"wp:featuredmedia":[{"embeddable":true,"href":"https:\/\/afreektoursandtravel.com\/wp-de\/wp-json\/wp\/v2\/media\/1560"}],"wp:attachment":[{"href":"https:\/\/afreektoursandtravel.com\/wp-de\/wp-json\/wp\/v2\/media?parent=1559"}],"wp:term":[{"taxonomy":"product_brand","embeddable":true,"href":"https:\/\/afreektoursandtravel.com\/wp-de\/wp-json\/wp\/v2\/product_brand?post=1559"},{"taxonomy":"product_cat","embeddable":true,"href":"https:\/\/afreektoursandtravel.com\/wp-de\/wp-json\/wp\/v2\/product_cat?post=1559"},{"taxonomy":"product_tag","embeddable":true,"href":"https:\/\/afreektoursandtravel.com\/wp-de\/wp-json\/wp\/v2\/product_tag?post=1559"}],"curies":[{"name":"wp","href":"https:\/\/api.w.org\/{rel}","templated":true}]}}