{"id":1547,"date":"2025-07-14T09:55:25","date_gmt":"2025-07-14T09:55:25","guid":{"rendered":"https:\/\/afreektoursandtravel.com\/wp-de\/?post_type=product&#038;p=1547"},"modified":"2025-07-14T11:37:01","modified_gmt":"2025-07-14T11:37:01","slug":"haben-sie-schon-gorillas-getrackt","status":"publish","type":"product","link":"https:\/\/afreektoursandtravel.com\/wp-de\/product\/haben-sie-schon-gorillas-getrackt\/","title":{"rendered":"HABEN SIE SCHON GORILLAS GETRACKT?"},"content":{"rendered":"<h3 class=\"western\" lang=\"en-US\">3-T\u00c4GIGE GORILLA-TRACKING-SAFARI<\/h3>\n<h4 class=\"western\" lang=\"en-US\">Reiseverlauf<\/h4>\n<p><strong>TAG 1: Abholung vom vereinbarten Ort\/Hotel<\/strong><\/p>\n<p class=\"\" data-start=\"70\" data-end=\"262\">Unser Fahrer-Guide holt Sie von Ihrem Hotel oder Wohnort in Kampala ab. Nach einem kurzen Briefing \u00fcber die Tour beginnt die etwa 8\u20139-st\u00fcndige Fahrt zum Bwindi Impenetrable Nationalpark.<\/p>\n<p class=\"\" data-start=\"264\" data-end=\"499\">Auf dieser Fahrt haben Sie die M\u00f6glichkeit, verschiedene Vegetationszonen, wundersch\u00f6ne Landschaften und Menschen zu sehen \u2013 sowie typische Nyama Choma (gegrilltes Fleisch) Verkaufsst\u00e4nde, Stra\u00dfenimbisse und mehr.<\/p>\n<p class=\"\" data-start=\"501\" data-end=\"748\">Ein Highlight unterwegs ist der Fotostopp am Uganda-\u00c4quator. Danach geht es weiter nach Mbarara, wo Sie Ihr Mittagessen einnehmen. Im Anschluss setzen Sie die Reise nach Bwindi fort, wo Sie die Nacht in einer G\u00e4stelodge verbringen.<\/p>\n<p>&nbsp;<\/p>\n<p><strong>TAG 2: Gorilla-Tracking<\/strong><\/p>\n<p data-start=\"31\" data-end=\"254\">Der lang ersehnte Tag ist gekommen \u2013 der Tag, an dem Sie die Gorillas aufsp\u00fcren werden. Nach einem fr\u00fchen Fr\u00fchst\u00fcck im Hotel geht es zu den UWA-B\u00fcros (Uganda Wildlife Authority) f\u00fcr ein ausf\u00fchrliches Briefing. Dort werden Sie herzlich von der Batwa-Gemeinschaft empfangen, die Ihnen durch Lieder, T\u00e4nze oder Gedichte mehr \u00fcber ihre Kultur vermittelt. Anschlie\u00dfend folgt eine etwa einst\u00fcndige Einf\u00fchrung durch die UWA-Beamten, bevor Sie sich auf Ihre Trekkingtour begeben. Ein Lunchpaket, das Sie im Hotel erhalten haben, nehmen Sie mit \u2013 es wird Ihnen w\u00e4hrend der Wanderung zur St\u00e4rkung dienen.<\/p>\n<p data-start=\"0\" data-end=\"242\">Gorillas befinden sich nie dauerhaft an einem Ort, da sie im Wald st\u00e4ndig nach Nahrung suchen. Wo sie \u00fcbernachten, ist also auch der Ort, an dem man sie findet. Das kann viel Zeit in Anspruch nehmen und mitunter eine weite Strecke bedeuten. Daher wird vorab ein Team losgeschickt, um die Gorillas f\u00fcr Sie aufzusp\u00fcren. Dieses Team steht in Kontakt mit den Guides, mit denen Sie unterwegs sind, und informiert sie \u00fcber den Aufenthaltsort der Gorillas. So k\u00f6nnen Sie den Tieren auf halbem Weg begegnen oder einen k\u00fcrzeren Trekkingweg nutzen.<\/p>\n<p>Sie werden etwa eine Stunde mit den Gorillas verbringen \u2013 genug Zeit, um Fotos und Videos zu machen und die Erinnerungen auf Ihre ganz pers\u00f6nliche Weise festzuhalten. Anschlie\u00dfend machen Sie sich auf den R\u00fcckweg zur Unterkunft. Auf dem R\u00fcckweg wird es eine Pause mit Mittagessen geben, bevor es weiter zur\u00fcck zum Hotel geht.<\/p>\n<p>Je nachdem, wann Sie nach dem Trekking\/Wandern zur\u00fcckkehren, haben Sie die M\u00f6glichkeit, noch in die Kultur der Batwa einzutauchen und diese hautnah zu erleben!<\/p>\n<p><strong>Batwa-Erlebnis<\/strong><\/p>\n<p>Bevor Bwindi zum Nationalpark erkl\u00e4rt wurde, um Gorillas und ihren nat\u00fcrlichen Lebensraum zu sch\u00fctzen, war der Wald auch die Heimat der Batwa-Pygm\u00e4en, auch bekannt als die H\u00fcter des Waldes.<\/p>\n<p>Die Batwa lebten vom Jagen kleiner Wildtiere sowie vom Sammeln von Fr\u00fcchten und essbaren Pflanzen im Wald. Sie wohnten in kleinen, mit Gras und Bl\u00e4ttern gedeckten H\u00fctten, die nicht f\u00fcr einen dauerhaften Aufenthalt gedacht waren, da sie st\u00e4ndig auf der Suche nach frischer Nahrung und Wildtieren weiterzogen.<\/p>\n<p>\u00dcber viele Jahre hinweg lebten sie friedlich mit den anderen Waldbewohnern, einschlie\u00dflich der Berggorillas, zusammen \u2013 ohne eine Bedrohung f\u00fcr deren \u00dcberleben darzustellen.<\/p>\n<p>Das Batwa-Erlebnis beginnt mit einem Naturspaziergang und einer Wanderung durch den Wald \u2013 Sie erleben den Wald aus der Perspektive seiner urspr\u00fcnglichen Bewohner, den Batwa. Sie erfahren, wie sie kleine Tiere jagten, welche Pflanzen und Fr\u00fcchte sie sammelten und wie sie Fallen und Netze einsetzten, um Nahrung zu gewinnen.<\/p>\n<p>Die Tour zeigt Ihnen auch, wie sie in H\u00fctten aus Gras und Holz lebten, Baumh\u00e4user und H\u00f6hlen nutzten. Sie tauchen ein in das alte Dorfleben der Batwa, lernen ihren Gemeinschaftssinn kennen und entdecken, was ihnen wichtig war und was heute beinahe verloren gegangen ist.<\/p>\n<p>Erleben Sie selbst, wie die Batwa traditionell lebten und jagten \u2013 und probieren Sie unter Anleitung das Schie\u00dfen mit Pfeil und Bogen aus!<\/p>\n<p>Sie besuchen ein traditionelles Batwa-Zuhause und lernen von den Frauen, wie sie eine Mahlzeit zubereiten, kochen und servieren. Nat\u00fcrlich d\u00fcrfen Sie die zubereiteten Speisen auch kosten.<\/p>\n<p>Sprechen Sie mit einem Medizinmann und erfahren Sie mehr \u00fcber die Heilkr\u00e4fte der Pflanzen des Waldes.<\/p>\n<p>Zum Abschluss h\u00f6ren Sie alte Legenden und traditionelle Lieder \u2013 ein unvergesslicher Einblick in eine faszinierende Kultur.<\/p>\n<p>&nbsp;<\/p>\n<p><strong>TAG 3: R\u00fcckfahrt nach Kampala<\/strong><\/p>\n<p>Am Morgen nehmen Sie Ihr Fr\u00fchst\u00fcck ein, checken aus dem Zimmer aus und begeben sich auf die R\u00fcckreise nach Kampala. Unterwegs machen Sie einen Zwischenstopp in Masaka zum Mittagessen. Anschlie\u00dfend werden Sie zur\u00fcck zu Ihrem Hotel oder Wohnort gebracht.<\/p>\n<p><strong>HINWEIS:<\/strong><\/p>\n<ul>\n<li><strong>Gorilla-Tracking<\/strong> erfordert das Zur\u00fccklegen teils langer Strecken <strong>tief im Wald<\/strong> \u2013 eine <strong>gute k\u00f6rperliche Verfassung<\/strong> sowie <strong>geeignetes Wander- oder Trekking-Schuhwerk<\/strong> sind daher unerl\u00e4sslich.<\/li>\n<li>Tragen Sie w\u00e4hrend des Gorilla-Trackings unbedingt eine <strong>Maske<\/strong>, um die Tiere zu sch\u00fctzen.<\/li>\n<li><strong>Ausreichend Wasser<\/strong> mitnehmen, um w\u00e4hrend der Wanderung <strong>hydratisiert<\/strong> zu bleiben.<\/li>\n<li>Bringen Sie eine <strong>Windjacke, Regenjacke oder warme Jacke<\/strong> mit \u2013 das Wetter kann sich schnell \u00e4ndern.<\/li>\n<\/ul>\n","protected":false},"excerpt":{"rendered":"<p>3-T\u00c4GIGE GORILLA-TRACKING-SAFARI Reiseverlauf TAG 1: Abholung vom vereinbarten Ort\/Hotel Unser Fahrer-Guide holt Sie von Ihrem Hotel oder Wohnort in Kampala ab. Nach einem kurzen Briefing \u00fcber die Tour beginnt die etwa 8\u20139-st\u00fcndige Fahrt zum Bwindi Impenetrable Nationalpark. Auf dieser Fahrt haben Sie die M\u00f6glichkeit, verschiedene Vegetationszonen, wundersch\u00f6ne Landschaften und Menschen zu sehen \u2013 sowie typische [&hellip;]<\/p>\n","protected":false},"featured_media":727,"template":"","meta":[],"product_brand":[],"product_cat":[91],"product_tag":[],"class_list":{"0":"post-1547","1":"product","2":"type-product","3":"status-publish","4":"has-post-thumbnail","6":"product_cat-beyond-ea-market","8":"first","9":"instock","10":"taxable","11":"shipping-taxable","12":"purchasable","13":"product-type-simple"},"_links":{"self":[{"href":"https:\/\/afreektoursandtravel.com\/wp-de\/wp-json\/wp\/v2\/product\/1547","targetHints":{"allow":["GET"]}}],"collection":[{"href":"https:\/\/afreektoursandtravel.com\/wp-de\/wp-json\/wp\/v2\/product"}],"about":[{"href":"https:\/\/afreektoursandtravel.com\/wp-de\/wp-json\/wp\/v2\/types\/product"}],"wp:featuredmedia":[{"embeddable":true,"href":"https:\/\/afreektoursandtravel.com\/wp-de\/wp-json\/wp\/v2\/media\/727"}],"wp:attachment":[{"href":"https:\/\/afreektoursandtravel.com\/wp-de\/wp-json\/wp\/v2\/media?parent=1547"}],"wp:term":[{"taxonomy":"product_brand","embeddable":true,"href":"https:\/\/afreektoursandtravel.com\/wp-de\/wp-json\/wp\/v2\/product_brand?post=1547"},{"taxonomy":"product_cat","embeddable":true,"href":"https:\/\/afreektoursandtravel.com\/wp-de\/wp-json\/wp\/v2\/product_cat?post=1547"},{"taxonomy":"product_tag","embeddable":true,"href":"https:\/\/afreektoursandtravel.com\/wp-de\/wp-json\/wp\/v2\/product_tag?post=1547"}],"curies":[{"name":"wp","href":"https:\/\/api.w.org\/{rel}","templated":true}]}}