{"id":1544,"date":"2025-07-14T09:35:50","date_gmt":"2025-07-14T09:35:50","guid":{"rendered":"https:\/\/afreektoursandtravel.com\/wp-de\/?post_type=product&#038;p=1544"},"modified":"2025-07-14T11:38:53","modified_gmt":"2025-07-14T11:38:53","slug":"rwenzori-berg-trekking","status":"publish","type":"product","link":"https:\/\/afreektoursandtravel.com\/wp-de\/product\/rwenzori-berg-trekking\/","title":{"rendered":"RWENZORI-BERG TREKKING"},"content":{"rendered":"<p><strong>RWENZORI-EXPEDITIONEN \u2013 GRENZEN \u00dcBERWINDEN BEIM KLETTERN<\/strong><\/p>\n<p><strong>9 Tage bis zum Margherita Peak (5109 m)<\/strong><\/p>\n<p><strong>Reiseverlauf:<\/strong><\/p>\n<p><strong>Tag 1: Transfer von Kampala nach Kasese<\/strong><\/p>\n<p>Sie werden in <strong>Entebbe oder Kampala abgeholt<\/strong> und zum <strong>Distrikt Kasese<\/strong> gebracht \u2013 eine Fahrt von etwa <strong>8\u20139 Stunden<\/strong>.<\/p>\n<p>Unterwegs machen Sie einen <strong>Mittagsstopp in Fort Portal<\/strong>.<\/p>\n<p>\u00dcbernachtung im <strong>Ruboni Community Camp<\/strong> oder <strong>Hotel Margherita<\/strong>.<\/p>\n<p>&nbsp;<\/p>\n<p><strong>Tag 2: Nyakalengijo (1615 m) \u2013 Nyabitaba H\u00fctte (2651 m)<\/strong><\/p>\n<p>(<strong>ca. 6\u20137 Stunden Wanderung<\/strong>)<\/p>\n<p>Nach dem Fr\u00fchst\u00fcck treffen Sie Ihre <strong>Guides und Tr\u00e4ger<\/strong>, um sich auf die <strong>mystische Wanderung<\/strong> vorzubereiten.<\/p>\n<p>Die Trekkingtour beginnt durch <strong>montane W\u00e4lder<\/strong>, wobei Sie den <strong>Mubuku-Fluss<\/strong> \u00fcberqueren. Die <strong>vielf\u00e4ltigen Steinformationen<\/strong> entlang des Ufers werden Sie beeindrucken.<\/p>\n<p>Sie wandern weiter durch <strong>Bambusw\u00e4lder<\/strong> und k\u00f6nnen mit etwas Gl\u00fcck <strong>Colobus-Affen<\/strong>, den <strong>Rwenzori-Turako<\/strong> und <strong>Cham\u00e4leons<\/strong> beobachten.<\/p>\n<p>Am Abend erreichen Sie die <strong>Nyabitaba-H\u00fctte (2651 m)<\/strong>, wo Sie \u00fcbernachten werden.<\/p>\n<p>&nbsp;<\/p>\n<p><strong>Tag 3: Nyabitaba-H\u00fctte (2615 m) \u2013 John Matte-H\u00fctte (3414 m)<\/strong><\/p>\n<p>(<strong>ca. 7\u20138 Stunden Wanderung<\/strong>)<\/p>\n<p>Sie wandern durch das <strong>felsige Kichuchu-Gebiet<\/strong>, das Ihnen atemberaubende Ausblicke auf die <strong>Portal Peaks<\/strong> bietet.<\/p>\n<p>Anschlie\u00dfend \u00fcberqueren Sie den <strong>Kichamba-Felsunterstand<\/strong> und passieren den beeindruckenden <strong>Lobelienwald<\/strong> mit seinen riesigen Pflanzen.<\/p>\n<p>Am Abend erreichen Sie die <strong>John Matte-H\u00fctte (3414 m)<\/strong>, die in der N\u00e4he des <strong>Bujuku-Flusses<\/strong> liegt, wo Sie die Nacht verbringen.<\/p>\n<p>&nbsp;<\/p>\n<p><strong>Tag 4: John Matte-H\u00fctte (3414 m) \u2013 Bujuku-H\u00fctte (3962 m)<\/strong><\/p>\n<p>(<strong>ca. 5\u20136 Stunden Wanderung<\/strong>)<\/p>\n<p>Sie wandern durch das <strong>untere Bigo-Bog<\/strong>, wobei Sie \u00fcber <strong>h\u00f6lzerne Stege<\/strong> gehen, um das sumpfige Gel\u00e4nde zu \u00fcberqueren.<\/p>\n<p>Angekommen am <strong>Bujuku-See<\/strong> erwartet Sie ein <strong>spektakul\u00e4rer Ausblick<\/strong> auf die umliegenden Gipfel: <strong>Mt. Baker, Mt. Speke<\/strong> und <strong>Mt. Stanley<\/strong>.<\/p>\n<p>Genie\u00dfen Sie die atemberaubenden <strong>Wasserf\u00e4lle<\/strong>, die aus allen Richtungen ins Tal st\u00fcrzen.<\/p>\n<p>Sie erreichen am Abend die <strong>Bujuku-H\u00fctte (3962 m)<\/strong>, in der Sie \u00fcbernachten werden.<\/p>\n<p>Haben Sie jemals ein Moor durchquert? In den <strong>Rwenzori-Bergen<\/strong> erleben Sie das Moor auf eine ganz besondere Weise!<\/p>\n<p>&nbsp;<\/p>\n<p><strong>Tag 5: Bujuku-H\u00fctte (3962 m) \u2013 Elena-H\u00fctte (4541 m)<\/strong><\/p>\n<p>(<strong>ca. 4\u20135 Stunden Wanderung<\/strong>)<\/p>\n<p>Heute steigen Sie durch den <strong>Scotti-Pass<\/strong> auf \u2013 ein <strong>steiles, felsiges Gel\u00e4nde<\/strong>, das k\u00f6rperlich fordernd, aber landschaftlich spektakul\u00e4r ist.<\/p>\n<p>Sie durchqueren beeindruckende <strong>Gletscherlandschaften<\/strong> und erreichen schlie\u00dflich die <strong>Elena-H\u00fctte (4541 m)<\/strong> \u2013 das <strong>Basislager f\u00fcr den Aufstieg zum Margherita Peak<\/strong>.<\/p>\n<p>Die <strong>Elena-H\u00fctte<\/strong> dient als Ausgangspunkt f\u00fcr die Gipfeletappe.<\/p>\n<p>Hier ruhen Sie sich aus und bereiten sich mental und k\u00f6rperlich auf den <strong>Gipfelsturm am n\u00e4chsten Tag<\/strong> vor.<\/p>\n<p>&nbsp;<\/p>\n<p><strong>Tag 6: Margherita Peak (5109 m) &amp; Abstieg zur Katandona-H\u00fctte (4023 m)<\/strong><\/p>\n<p>(<strong>ca. 9\u201312 Stunden Trekking<\/strong>)<\/p>\n<p>Der Tag beginnt <strong>noch vor Sonnenaufgang<\/strong> mit dem Aufstieg zum <strong>Margherita Peak<\/strong>.<\/p>\n<p>Sie \u00fcberqueren das <strong>Stanley-Plateau<\/strong>, einen Gletscher, wobei <strong>Seile, Steigeisen und Eispickel<\/strong> zum Einsatz kommen \u2013 technisches K\u00f6nnen ist gefragt.<\/p>\n<p>Schlie\u00dflich erreichen Sie den <strong>Gipfel des Margherita Peak (5109 m)<\/strong> \u2013 den <strong>dritth\u00f6chsten Gipfel Afrikas<\/strong> \u2013 ein unvergesslicher Moment mit atemberaubender Aussicht.<\/p>\n<p>Nach dem Gipfelerfolg steigen Sie ab zur <strong>Katandona-H\u00fctte (4023 m)<\/strong>, wo Sie \u00fcbernachten.<\/p>\n<p>&nbsp;<\/p>\n<p><strong>Tag 7: Katondona-H\u00fctte (4023 m) \u2013 Guy Yeoman-H\u00fctte (3261 m)<\/strong><\/p>\n<p>(<strong>ca. 6\u20137 Stunden Wanderung<\/strong>)<\/p>\n<p>Sie steigen hinab \u00fcber den <strong>Freshfield Pass<\/strong>, von dem aus Sie beeindruckende Ausblicke bis zur <strong>Grenze zur Demokratischen Republik Kongo<\/strong> genie\u00dfen k\u00f6nnen.<\/p>\n<p>Anschlie\u00dfend f\u00fchrt der Weg durch <strong>schlammiges Gel\u00e4nde<\/strong> weiter zur <strong>Guy Yeoman-H\u00fctte (3261 m)<\/strong>, Ihrem n\u00e4chsten \u00dcbernachtungsort.<\/p>\n<p>&nbsp;<\/p>\n<p><strong>Tag 8: Guy Yeoman-H\u00fctte (3261 m) \u2013 Nyakalengijo (1615 m)<\/strong><\/p>\n<p>Am letzten Trekkingtag erfolgt der <strong>endg\u00fcltige Abstieg<\/strong> durch die <strong>Bambusw\u00e4lder<\/strong> und das malerische <strong>Mubuku-Tal<\/strong>.<\/p>\n<p>Zur\u00fcck in <strong>Nyakalengijo<\/strong> erhalten Sie feierlich Ihre <strong>Gipfelzertifikate<\/strong> als Anerkennung f\u00fcr die erfolgreiche Besteigung des Margherita Peak.<\/p>\n<p>Anschlie\u00dfend <strong>\u00dcbernachtung in Nyakalengijo<\/strong> zur Erholung nach dem gro\u00dfartigen Abenteuer.<\/p>\n<p>&nbsp;<\/p>\n<p><strong>Tag 9: R\u00fcckfahrt nach Kampala\/Entebbe<\/strong><\/p>\n<p>Nach dem Fr\u00fchst\u00fcck erfolgt der <strong>Transfer zur\u00fcck nach Kampala oder Entebbe<\/strong>.<\/p>\n<p>Auf dem Weg haben Sie die M\u00f6glichkeit, das <strong>Igongo Cultural Museum<\/strong> oder den <strong>\u00c4quator<\/strong> zu besuchen \u2013 perfekt f\u00fcr eine Pause und den Kauf von <strong>Souvenirs<\/strong>, bevor Ihre Reise endet.<\/p>\n","protected":false},"excerpt":{"rendered":"<p>Die <strong>Rwenzori-Berge<\/strong>, auch bekannt als die <strong>\u201eMondberge\u201c<\/strong>, bieten eines der <strong>anspruchsvollsten und lohnendsten Trekkingabenteuer in Afrika<\/strong>. Diese <strong>9-t\u00e4gige Reiseroute<\/strong> folgt der <strong>Central Circuit Route<\/strong> und f\u00fchrt zum <strong>Margherita Peak (5109 m)<\/strong> \u2013 dem <strong>h\u00f6chsten Punkt Ugandas<\/strong>.<\/p>\n<p><strong>Erobern Sie die legend\u00e4ren Mondberge<\/strong> \u2013 dort, <strong>wo Gletscher den Himmel ber\u00fchren<\/strong>, jeder Schritt eine Herausforderung ist und die Belohnung ein <strong>Ausblick vom Gipfel eines verborgenen Schatzes Afrikas<\/strong>.<\/p>\n","protected":false},"featured_media":1545,"template":"","meta":[],"product_brand":[],"product_cat":[91],"product_tag":[],"class_list":{"0":"post-1544","1":"product","2":"type-product","3":"status-publish","4":"has-post-thumbnail","6":"product_cat-beyond-ea-market","8":"first","9":"instock","10":"taxable","11":"shipping-taxable","12":"purchasable","13":"product-type-simple"},"_links":{"self":[{"href":"https:\/\/afreektoursandtravel.com\/wp-de\/wp-json\/wp\/v2\/product\/1544","targetHints":{"allow":["GET"]}}],"collection":[{"href":"https:\/\/afreektoursandtravel.com\/wp-de\/wp-json\/wp\/v2\/product"}],"about":[{"href":"https:\/\/afreektoursandtravel.com\/wp-de\/wp-json\/wp\/v2\/types\/product"}],"wp:featuredmedia":[{"embeddable":true,"href":"https:\/\/afreektoursandtravel.com\/wp-de\/wp-json\/wp\/v2\/media\/1545"}],"wp:attachment":[{"href":"https:\/\/afreektoursandtravel.com\/wp-de\/wp-json\/wp\/v2\/media?parent=1544"}],"wp:term":[{"taxonomy":"product_brand","embeddable":true,"href":"https:\/\/afreektoursandtravel.com\/wp-de\/wp-json\/wp\/v2\/product_brand?post=1544"},{"taxonomy":"product_cat","embeddable":true,"href":"https:\/\/afreektoursandtravel.com\/wp-de\/wp-json\/wp\/v2\/product_cat?post=1544"},{"taxonomy":"product_tag","embeddable":true,"href":"https:\/\/afreektoursandtravel.com\/wp-de\/wp-json\/wp\/v2\/product_tag?post=1544"}],"curies":[{"name":"wp","href":"https:\/\/api.w.org\/{rel}","templated":true}]}}