{"id":1541,"date":"2025-07-14T08:45:51","date_gmt":"2025-07-14T08:45:51","guid":{"rendered":"https:\/\/afreektoursandtravel.com\/wp-de\/?post_type=product&#038;p=1541"},"modified":"2025-07-14T11:58:21","modified_gmt":"2025-07-14T11:58:21","slug":"jinja-2","status":"publish","type":"product","link":"https:\/\/afreektoursandtravel.com\/wp-de\/product\/jinja-2\/","title":{"rendered":"Murchison Falls National Park"},"content":{"rendered":"<p><strong>3-t\u00e4giger Reiseverlauf<\/strong><\/p>\n<p><strong>Tag 1<\/strong><\/p>\n<p>Reise von Kampala oder dem vereinbarten Abholpunkt zu den Murchison Falls mit Zwischenstopp im ZIWA Rhino Camp<\/p>\n<p>Mittagessen und Weiterfahrt durch Masindi zum Park<\/p>\n<p>Check-in in die Unterkunft und Vorbereitung auf die abendliche Pirschfahrt. Hier haben Sie die M\u00f6glichkeit, eine Vielzahl von Tieren zu sehen \u2013 einige bei der Jagd, andere als Gejagte.<\/p>\n<p>Nach der Pirschfahrt R\u00fcckfahrt zur Unterkunft.<\/p>\n<p><strong>Tag 2.<\/strong><\/p>\n<p>Aufstehen und Teilnahme an der fr\u00fchen morgendlichen Pirschfahrt. Hier haben Sie die M\u00f6glichkeit, eine Vielzahl von Tieren zu sehen, mit hoher Wahrscheinlichkeit auch die K\u00f6nige des Dschungels, nachdem sie die ganze Nacht gejagt haben. Sie werden Tiere wie Giraffen, Elefanten, B\u00fcffel, Flusspferde, Uganda Kobs, Oribis, Jackson-Kuhantilopen usw. sehen.<\/p>\n<p>Nach der Pirschfahrt R\u00fcckfahrt zur Unterkunft, Fr\u00fchst\u00fcck und Entspannung, w\u00e4hrend Sie auf die n\u00e4chste Aktivit\u00e4t des Tages warten.<\/p>\n<p>Mittagessen und Vorbereitung auf die Bootsfahrt zum Fu\u00df der Wasserf\u00e4lle am Nachmittag. Diese dauert insgesamt etwa 3 Stunden.<\/p>\n<p>Besuch der Spitze der Wasserf\u00e4lle. Je nach Wetterlage k\u00f6nnen Sie entweder zu Fu\u00df zum oberen Teil der Wasserf\u00e4lle wandern oder mit dem Auto hinauffahren. Das Wandern ist jedoch die lohnendste Art, die Wasserf\u00e4lle zu erleben.<\/p>\n<p>R\u00fcckkehr zur Unterkunft.<\/p>\n<p>Abendessen und Ruhezeit.<\/p>\n<p><strong>Tag 3.<\/strong><\/p>\n<p>Fr\u00fchst\u00fcck am Morgen, Check-out aus dem Hotel<\/p>\n<p>R\u00fcckfahrt nach Kampala<\/p>\n","protected":false},"excerpt":{"rendered":"<p>Eine klassische Safari in einen der meistbesuchten Nationalparks Ugandas \u2013 <strong>Murchison Falls<\/strong>, ein einzigartiges Naturhighlight und zentraler Anziehungspunkt des Parks.<\/p>\n","protected":false},"featured_media":1543,"template":"","meta":[],"product_brand":[],"product_cat":[91],"product_tag":[],"class_list":{"0":"post-1541","1":"product","2":"type-product","3":"status-publish","4":"has-post-thumbnail","6":"product_cat-beyond-ea-market","8":"first","9":"instock","10":"taxable","11":"shipping-taxable","12":"purchasable","13":"product-type-simple"},"_links":{"self":[{"href":"https:\/\/afreektoursandtravel.com\/wp-de\/wp-json\/wp\/v2\/product\/1541","targetHints":{"allow":["GET"]}}],"collection":[{"href":"https:\/\/afreektoursandtravel.com\/wp-de\/wp-json\/wp\/v2\/product"}],"about":[{"href":"https:\/\/afreektoursandtravel.com\/wp-de\/wp-json\/wp\/v2\/types\/product"}],"wp:featuredmedia":[{"embeddable":true,"href":"https:\/\/afreektoursandtravel.com\/wp-de\/wp-json\/wp\/v2\/media\/1543"}],"wp:attachment":[{"href":"https:\/\/afreektoursandtravel.com\/wp-de\/wp-json\/wp\/v2\/media?parent=1541"}],"wp:term":[{"taxonomy":"product_brand","embeddable":true,"href":"https:\/\/afreektoursandtravel.com\/wp-de\/wp-json\/wp\/v2\/product_brand?post=1541"},{"taxonomy":"product_cat","embeddable":true,"href":"https:\/\/afreektoursandtravel.com\/wp-de\/wp-json\/wp\/v2\/product_cat?post=1541"},{"taxonomy":"product_tag","embeddable":true,"href":"https:\/\/afreektoursandtravel.com\/wp-de\/wp-json\/wp\/v2\/product_tag?post=1541"}],"curies":[{"name":"wp","href":"https:\/\/api.w.org\/{rel}","templated":true}]}}