{"id":1269,"date":"2024-09-23T14:37:21","date_gmt":"2024-09-23T14:37:21","guid":{"rendered":"https:\/\/afreektoursandtravel.com\/wp-de\/?post_type=product&#038;p=1269"},"modified":"2025-07-14T12:07:04","modified_gmt":"2025-07-14T12:07:04","slug":"religiose-und-kulturelle-touren","status":"publish","type":"product","link":"https:\/\/afreektoursandtravel.com\/wp-de\/product\/religiose-und-kulturelle-touren\/","title":{"rendered":"RELIGI\u00d6SE UND KULTURELLE TOUREN"},"content":{"rendered":"","protected":false},"excerpt":{"rendered":"<h3 align=\"center\">3-T\u00e4gige Reise!<\/h3>\n<hr \/>\n<h4>KOSTEN: AB 250 USD PRO PERSON<\/h4>\n<hr \/>\n<p><strong>H\u00f6hepunkte:<\/strong><\/p>\n<ul>\n<li>Besuch der k\u00f6niglichen Kulturerbest\u00e4tten des Buganda-K\u00f6nigreichs<\/li>\n<li>Besuch der Gaddafi-Moschee<\/li>\n<li>K\u00f6nigliche Grabst\u00e4tten<\/li>\n<li>Namugongo-M\u00e4rtyrerschreine<\/li>\n<li>Rubaga-Kathedrale<\/li>\n<li>Einkaufserlebnis<\/li>\n<li>Kampala City Tour (Stadt auf 7 H\u00fcgeln)<\/li>\n<\/ul>\n<p>&nbsp;<\/p>\n<hr \/>\n<p style=\"text-align: center;\"><strong>ENDE<\/strong><\/p>\n<p style=\"text-align: center;\"><strong>VIELEN DANK, DASS SIE SICH F\u00dcR AFREEK TOURS AND TRAVEL ENTSCHIEDEN HABEN<\/strong><\/p>\n<p style=\"text-align: center;\"><strong>Z\u00d6GERN SIE NICHT, UNS BEI FRAGEN ZU KONTAKTIEREN<\/strong><\/p>\n","protected":false},"featured_media":1190,"template":"","meta":[],"product_brand":[],"product_cat":[91],"product_tag":[],"class_list":{"0":"post-1269","1":"product","2":"type-product","3":"status-publish","4":"has-post-thumbnail","6":"product_cat-beyond-ea-market","8":"first","9":"instock","10":"taxable","11":"shipping-taxable","12":"product-type-simple"},"_links":{"self":[{"href":"https:\/\/afreektoursandtravel.com\/wp-de\/wp-json\/wp\/v2\/product\/1269","targetHints":{"allow":["GET"]}}],"collection":[{"href":"https:\/\/afreektoursandtravel.com\/wp-de\/wp-json\/wp\/v2\/product"}],"about":[{"href":"https:\/\/afreektoursandtravel.com\/wp-de\/wp-json\/wp\/v2\/types\/product"}],"wp:featuredmedia":[{"embeddable":true,"href":"https:\/\/afreektoursandtravel.com\/wp-de\/wp-json\/wp\/v2\/media\/1190"}],"wp:attachment":[{"href":"https:\/\/afreektoursandtravel.com\/wp-de\/wp-json\/wp\/v2\/media?parent=1269"}],"wp:term":[{"taxonomy":"product_brand","embeddable":true,"href":"https:\/\/afreektoursandtravel.com\/wp-de\/wp-json\/wp\/v2\/product_brand?post=1269"},{"taxonomy":"product_cat","embeddable":true,"href":"https:\/\/afreektoursandtravel.com\/wp-de\/wp-json\/wp\/v2\/product_cat?post=1269"},{"taxonomy":"product_tag","embeddable":true,"href":"https:\/\/afreektoursandtravel.com\/wp-de\/wp-json\/wp\/v2\/product_tag?post=1269"}],"curies":[{"name":"wp","href":"https:\/\/api.w.org\/{rel}","templated":true}]}}