{"id":1475,"date":"2025-04-08T10:16:29","date_gmt":"2025-04-08T10:16:29","guid":{"rendered":"https:\/\/afreektoursandtravel.com\/wp-de\/?page_id=1475"},"modified":"2025-04-08T10:16:29","modified_gmt":"2025-04-08T10:16:29","slug":"contact-us-de","status":"publish","type":"page","link":"https:\/\/afreektoursandtravel.com\/wp-de\/contact-us-de\/","title":{"rendered":"Kontakt"},"content":{"rendered":"<div id='av-layout-grid-1'  class='av-layout-grid-container av-bd753r-8d3eecd4a0eb2eb8c25007938d86a6bc entry-content-wrapper main_color av-flex-cells  avia-builder-el-0  el_before_av_layout_row  avia-builder-el-first   container_wrap fullsize'  >\n\n<style type=\"text\/css\" data-created_by=\"avia_inline_auto\" id=\"style-css-av-b58u07-04de3afeb312cd24d244c3d5775fdd48\">\n.flex_cell.av-b58u07-04de3afeb312cd24d244c3d5775fdd48{\nvertical-align:top;\n}\n.responsive #top #wrap_all .flex_cell.av-b58u07-04de3afeb312cd24d244c3d5775fdd48{\npadding:0px 0px 0px 0px !important;\n}\n<\/style>\n<div class='flex_cell av-b58u07-04de3afeb312cd24d244c3d5775fdd48 av-gridrow-cell av_one_half no_margin  avia-builder-el-1  el_before_av_cell_one_half  avia-builder-el-first  av-zero-padding'  ><div class='flex_cell_inner'>\n<style type=\"text\/css\" data-created_by=\"avia_inline_auto\" id=\"style-css-av-m1evbkft-3bf8108dd32341289d08f4a60dd4d9ad\">\n.avia-image-container.av-m1evbkft-3bf8108dd32341289d08f4a60dd4d9ad img.avia_image{\nbox-shadow:none;\n}\n.avia-image-container.av-m1evbkft-3bf8108dd32341289d08f4a60dd4d9ad .av-image-caption-overlay-center{\ncolor:#ffffff;\n}\n<\/style>\n<div  class='avia-image-container av-m1evbkft-3bf8108dd32341289d08f4a60dd4d9ad av-styling- av-img-linked avia-align-center  avia-builder-el-2  avia-builder-el-no-sibling '   itemprop=\"image\" itemscope=\"itemscope\" itemtype=\"https:\/\/schema.org\/ImageObject\" ><div class=\"avia-image-container-inner\"><div class=\"avia-image-overlay-wrap\"><a href=\"https:\/\/maps.app.goo.gl\/8GePLnzRdGXgdHnG7\" class='avia_image ' target=\"_blank\" rel=\"noopener noreferrer\" aria-label='Google-map'><img decoding=\"async\" fetchpriority=\"high\" class='wp-image-1226 avia-img-lazy-loading-not-1226 avia_image ' src=\"https:\/\/afreektoursandtravel.com\/wp-de\/wp-content\/uploads\/2024\/09\/Google-map-1030x529.jpeg\" alt='' title='Google-map'  height=\"529\" width=\"1030\"  itemprop=\"thumbnailUrl\" srcset=\"https:\/\/afreektoursandtravel.com\/wp-de\/wp-content\/uploads\/2024\/09\/Google-map-1030x529.jpeg 1030w, https:\/\/afreektoursandtravel.com\/wp-de\/wp-content\/uploads\/2024\/09\/Google-map-300x154.jpeg 300w, https:\/\/afreektoursandtravel.com\/wp-de\/wp-content\/uploads\/2024\/09\/Google-map-768x394.jpeg 768w, https:\/\/afreektoursandtravel.com\/wp-de\/wp-content\/uploads\/2024\/09\/Google-map-705x362.jpeg 705w, https:\/\/afreektoursandtravel.com\/wp-de\/wp-content\/uploads\/2024\/09\/Google-map-450x231.jpeg 450w, https:\/\/afreektoursandtravel.com\/wp-de\/wp-content\/uploads\/2024\/09\/Google-map-600x308.jpeg 600w, https:\/\/afreektoursandtravel.com\/wp-de\/wp-content\/uploads\/2024\/09\/Google-map.jpeg 1280w\" sizes=\"(max-width: 1030px) 100vw, 1030px\" \/><\/a><\/div><\/div><\/div>\n<\/div><\/div>\n<style type=\"text\/css\" data-created_by=\"avia_inline_auto\" id=\"style-css-av-9ssn3z-d19b93669adbdf7532849ee0205c0f71\">\n.flex_cell.av-9ssn3z-d19b93669adbdf7532849ee0205c0f71{\nvertical-align:middle;\n}\n.responsive #top #wrap_all .flex_cell.av-9ssn3z-d19b93669adbdf7532849ee0205c0f71{\npadding:50px 50px 50px 50px !important;\n}\n<\/style>\n<div class='flex_cell av-9ssn3z-d19b93669adbdf7532849ee0205c0f71 av-gridrow-cell av_one_half no_margin  avia-builder-el-3  el_after_av_cell_one_half  avia-builder-el-last '  ><div class='flex_cell_inner'><p>\n<style type=\"text\/css\" data-created_by=\"avia_inline_auto\" id=\"style-css-av-ylhb3-da89ca3876bd85156e5beb1b9b7eccba\">\n#top .av-special-heading.av-ylhb3-da89ca3876bd85156e5beb1b9b7eccba{\npadding-bottom:10px;\nfont-size:34px;\n}\nbody .av-special-heading.av-ylhb3-da89ca3876bd85156e5beb1b9b7eccba .av-special-heading-tag .heading-char{\nfont-size:25px;\n}\n#top #wrap_all .av-special-heading.av-ylhb3-da89ca3876bd85156e5beb1b9b7eccba .av-special-heading-tag{\nfont-size:34px;\n}\n.av-special-heading.av-ylhb3-da89ca3876bd85156e5beb1b9b7eccba .av-subheading{\nfont-size:15px;\n}\n\n@media only screen and (min-width: 480px) and (max-width: 767px){ \n#top #wrap_all .av-special-heading.av-ylhb3-da89ca3876bd85156e5beb1b9b7eccba .av-special-heading-tag{\nfont-size:0.8em;\n}\n}\n\n@media only screen and (max-width: 479px){ \n#top #wrap_all .av-special-heading.av-ylhb3-da89ca3876bd85156e5beb1b9b7eccba .av-special-heading-tag{\nfont-size:0.8em;\n}\n}\n<\/style>\n<div  class='av-special-heading av-ylhb3-da89ca3876bd85156e5beb1b9b7eccba av-special-heading-h3 blockquote modern-quote modern-centered  avia-builder-el-4  el_before_av_textblock  avia-builder-el-first  av-inherit-size'><h3 class='av-special-heading-tag'  itemprop=\"headline\"  >Nehmen Sie Kontakt auf<\/h3><div class=\"special-heading-border\"><div class=\"special-heading-inner-border\"><\/div><\/div><\/div><br \/>\n<section  class='av_textblock_section av-9jrcgn-b991a38f199542bc5ef5ed24b8d61482 '   itemscope=\"itemscope\" itemtype=\"https:\/\/schema.org\/CreativeWork\" ><div class='avia_textblock'  itemprop=\"text\" ><p>Wir freuen uns, von Ihnen zu h\u00f6ren! Ob Sie Ihr n\u00e4chstes Abenteuer planen, Hilfe bei der Buchung ben\u00f6tigen oder Fragen zu unseren Touren und Reisepaketen haben \u2013 unser Team ist f\u00fcr Sie da! Kontaktieren Sie uns \u00fcber die unten angegebenen Informationen, und wir melden uns so schnell wie m\u00f6glich bei Ihnen.<\/p>\n<\/div><\/section><br \/>\n\n<style type=\"text\/css\" data-created_by=\"avia_inline_auto\" id=\"style-css-av-9ddphj-632b1775fd5af0a9910042e599d54d53\">\n#top .av-special-heading.av-9ddphj-632b1775fd5af0a9910042e599d54d53{\npadding-bottom:10px;\nfont-size:20px;\n}\nbody .av-special-heading.av-9ddphj-632b1775fd5af0a9910042e599d54d53 .av-special-heading-tag .heading-char{\nfont-size:25px;\n}\n#top #wrap_all .av-special-heading.av-9ddphj-632b1775fd5af0a9910042e599d54d53 .av-special-heading-tag{\nfont-size:20px;\n}\n.av-special-heading.av-9ddphj-632b1775fd5af0a9910042e599d54d53 .av-subheading{\nfont-size:15px;\n}\n\n@media only screen and (min-width: 480px) and (max-width: 767px){ \n#top #wrap_all .av-special-heading.av-9ddphj-632b1775fd5af0a9910042e599d54d53 .av-special-heading-tag{\nfont-size:0.8em;\n}\n}\n\n@media only screen and (max-width: 479px){ \n#top #wrap_all .av-special-heading.av-9ddphj-632b1775fd5af0a9910042e599d54d53 .av-special-heading-tag{\nfont-size:0.8em;\n}\n}\n<\/style>\n<div  class='av-special-heading av-9ddphj-632b1775fd5af0a9910042e599d54d53 av-special-heading-h5 blockquote modern-quote  avia-builder-el-6  el_after_av_textblock  el_before_av_one_full  av-inherit-size'><h5 class='av-special-heading-tag'  itemprop=\"headline\"  >Hauptkontakt<\/h5><div class=\"special-heading-border\"><div class=\"special-heading-inner-border\"><\/div><\/div><\/div><br \/>\n\n<style type=\"text\/css\" data-created_by=\"avia_inline_auto\" id=\"style-css-av-967ltj-07c907e266a44191397b192caa2ed35a\">\n#top .flex_column.av-967ltj-07c907e266a44191397b192caa2ed35a{\nmargin-top:0px;\nmargin-bottom:0px;\n}\n.flex_column.av-967ltj-07c907e266a44191397b192caa2ed35a{\nborder-radius:0px 0px 0px 0px;\npadding:0px 0px 0px 0px;\n}\n.responsive #top #wrap_all .flex_column.av-967ltj-07c907e266a44191397b192caa2ed35a{\nmargin-top:0px;\nmargin-bottom:0px;\n}\n<\/style>\n<div  class='flex_column av-967ltj-07c907e266a44191397b192caa2ed35a av_one_full  avia-builder-el-7  el_after_av_heading  el_before_av_hr  first flex_column_div av-zero-column-padding  '     ><style type=\"text\/css\" data-created_by=\"avia_inline_auto\" id=\"style-css-av-929v73-88a5856459654854be57b027077a42eb\">\n#top .avia-icon-list-container.av-929v73-88a5856459654854be57b027077a42eb .iconlist_icon{\nfont-size:17px;\n}\n#top #wrap_all .avia-icon-list-container.av-929v73-88a5856459654854be57b027077a42eb .av_iconlist_title{\nfont-size:17px;\n}\n<\/style>\n<div  class='avia-icon-list-container av-929v73-88a5856459654854be57b027077a42eb  avia-builder-el-8  avia-builder-el-no-sibling '><ul class='avia-icon-list avia_animate_when_almost_visible avia-icon-list-left av-iconlist-small av-929v73-88a5856459654854be57b027077a42eb avia-iconlist-animate'>\n<li><div class='iconlist_icon av-8u92lb-184fa6c5704109c5a5eb370f6c557e08 avia-font-entypo-fontello'><span class='iconlist-char' aria-hidden='true' data-av_icon='\ue854' data-av_iconfont='entypo-fontello'><\/span><\/div><article class=\"article-icon-entry av-iconlist-empty\"  itemscope=\"itemscope\" itemtype=\"https:\/\/schema.org\/CreativeWork\" ><div class=\"iconlist_content_wrap\"><header class=\"entry-content-header\"><div class='av_iconlist_title iconlist_title_small  '  itemprop=\"headline\" >Phone: +256 772 453 969<\/div><\/header><div class='iconlist_content '  itemprop=\"text\" ><\/div><\/div><footer class=\"entry-footer\"><\/footer><\/article><div class=\"iconlist-timeline\"><\/div><\/li>\n<li><div class='iconlist_icon av-8u92lb-1-dd60dbf81d62ad5eda3eae18d86b05b4 avia-font-entypo-fontello'><span class='iconlist-char' aria-hidden='true' data-av_icon='\uf232' data-av_iconfont='entypo-fontello'><\/span><\/div><article class=\"article-icon-entry av-iconlist-empty\"  itemscope=\"itemscope\" itemtype=\"https:\/\/schema.org\/CreativeWork\" ><div class=\"iconlist_content_wrap\"><header class=\"entry-content-header\"><div class='av_iconlist_title iconlist_title_small  '  itemprop=\"headline\" >Whatsapp +256 759 899 423<\/div><\/header><div class='iconlist_content '  itemprop=\"text\" ><\/div><\/div><footer class=\"entry-footer\"><\/footer><\/article><div class=\"iconlist-timeline\"><\/div><\/li>\n<li><div class='iconlist_icon av-vefbz-af535c15c6c410889daa663da54dd0be avia-font-entypo-fontello'><span class='iconlist-char' aria-hidden='true' data-av_icon='\ue805' data-av_iconfont='entypo-fontello'><\/span><\/div><article class=\"article-icon-entry av-iconlist-empty\"  itemscope=\"itemscope\" itemtype=\"https:\/\/schema.org\/CreativeWork\" ><div class=\"iconlist_content_wrap\"><header class=\"entry-content-header\"><div class='av_iconlist_title iconlist_title_small  '  itemprop=\"headline\" >E-Mail: afreektours@outlook.com<\/div><\/header><div class='iconlist_content '  itemprop=\"text\" ><\/div><\/div><footer class=\"entry-footer\"><\/footer><\/article><div class=\"iconlist-timeline\"><\/div><\/li>\n<li><div class='iconlist_icon av-uw9s7-4dc2a54a65f5c56ddcb9ec628bbe26ee avia-font-entypo-fontello'><span class='iconlist-char' aria-hidden='true' data-av_icon='\ue925' data-av_iconfont='entypo-fontello'><\/span><\/div><article class=\"article-icon-entry av-iconlist-empty\"  itemscope=\"itemscope\" itemtype=\"https:\/\/schema.org\/CreativeWork\" ><div class=\"iconlist_content_wrap\"><header class=\"entry-content-header\"><div class='av_iconlist_title iconlist_title_small  '  itemprop=\"headline\" >Web: www.afreektoursandtravel.com<\/div><\/header><div class='iconlist_content '  itemprop=\"text\" ><\/div><\/div><footer class=\"entry-footer\"><\/footer><\/article><div class=\"iconlist-timeline\"><\/div><\/li>\n<\/ul><\/div><\/div>\n<style type=\"text\/css\" data-created_by=\"avia_inline_auto\" id=\"style-css-av-8cp9zr-2322c147a53d110177f7bb2d945f9971\">\n#top .hr.hr-invisible.av-8cp9zr-2322c147a53d110177f7bb2d945f9971{\nheight:30px;\n}\n<\/style>\n<div  class='hr av-8cp9zr-2322c147a53d110177f7bb2d945f9971 hr-invisible  avia-builder-el-9  el_after_av_one_full  el_before_av_textblock '><span class='hr-inner '><span class=\"hr-inner-style\"><\/span><\/span><\/div><br \/>\n<section  class='av_textblock_section av-m1690zpk-c042abed69dbc0624c9101f3b3a5515f '   itemscope=\"itemscope\" itemtype=\"https:\/\/schema.org\/CreativeWork\" ><div class='avia_textblock'  itemprop=\"text\" ><p>Bleiben Sie in Verbindung und verpassen Sie keine unserer neuesten Reiseangebote und Reisetipps, indem Sie unseren Newsletter abonnieren!<\/p>\n<\/div><\/section><br \/>\n<form action=\"https:\/\/afreektoursandtravel.com\/wp-de\/contact-us-de\/\" method=\"post\" data-fields-with-error=\"Found errors in the following field(s):\" class=\"avia_ajax_form av-form-labels-hidden   avia-builder-el-11  el_after_av_textblock  avia-builder-el-last   \" data-avia-form-id=\"1\" data-avia-redirect='' ><h3 class=''>Anmeldeformular<\/h3><fieldset><p class='  first_form  form_element form_fullwidth' id='element_avia_1_1'><label for=\"avia_1_1\">Name <abbr class=\"required\" title=\"required\">*<\/abbr><\/label> <input name=\"avia_1_1\" class=\"text_input is_empty\" type=\"text\" id=\"avia_1_1\" value=\"\"  placeholder='Name*'\/><\/p><p class='  first_form  form_element form_fullwidth' id='element_avia_2_1'><label for=\"avia_2_1\">Phone <abbr class=\"required\" title=\"required\">*<\/abbr><\/label> <input name=\"avia_2_1\" class=\"text_input is_phone\" type=\"text\" id=\"avia_2_1\" value=\"\"  placeholder='Phone*'\/><\/p><p class='  first_form  form_element form_fullwidth' id='element_avia_3_1'><label for=\"avia_3_1\">E-Mail <abbr class=\"required\" title=\"required\">*<\/abbr><\/label> <input name=\"avia_3_1\" class=\"text_input is_email\" type=\"text\" id=\"avia_3_1\" value=\"\"  placeholder='E-Mail*'\/><\/p><p class='  first_form  form_element form_fullwidth av-last-visible-form-element' id='element_avia_4_1'><label for=\"avia_4_1\">E-Mail <abbr class=\"required\" title=\"required\">*<\/abbr><\/label> <input name=\"avia_4_1\" class=\"text_input is_email\" type=\"text\" id=\"avia_4_1\" value=\"\"  placeholder='E-Mail*'\/><\/p><p class=\"hidden\"><input type=\"text\" name=\"avia_5_1\" class=\"hidden \" id=\"avia_5_1\" value=\"\" \/><\/p><p class=\"form_element \"><input type=\"hidden\" value=\"1\" name=\"avia_generated_form1\" \/><input type=\"submit\" value=\"Submit\" class=\"button\"  data-sending-label=\"Sending\"\/><\/p><\/fieldset><\/form><div id=\"ajaxresponse_1\" class=\"ajaxresponse ajaxresponse_1 hidden\"><\/div><\/p>\n<\/div><\/div><\/div><div id='av-layout-grid-2'  class='av-layout-grid-container av-76sq0i-72fc2a50bc9850631cc28b9166e47378 entry-content-wrapper main_color av-fixed-cells  avia-builder-el-12  el_after_av_layout_row  avia-builder-el-last  grid-row-not-first av-small-hide av-mini-hide container_wrap fullsize'  >\n\n<style type=\"text\/css\" data-created_by=\"avia_inline_auto\" id=\"style-css-av-5cbglu-817787cd41ed66e2f5f086ffa38fc7f6\">\n.flex_cell.av-5cbglu-817787cd41ed66e2f5f086ffa38fc7f6{\nvertical-align:top;\nheight:15px;\nmin-height:15px;\nbackground-color:#f4941c;\n}\n.responsive #top #wrap_all .flex_cell.av-5cbglu-817787cd41ed66e2f5f086ffa38fc7f6{\npadding:0px 0px 0px 0px !important;\n}\n\n@media only screen and (min-width: 768px) and (max-width: 989px){ \n.responsive #top #wrap_all .flex_cell.av-5cbglu-817787cd41ed66e2f5f086ffa38fc7f6{\npadding:30px 15px 30px 15px !important;\n}\n}\n\n@media only screen and (min-width: 480px) and (max-width: 767px){ \n.responsive #top #wrap_all .flex_cell.av-5cbglu-817787cd41ed66e2f5f086ffa38fc7f6{\npadding:40px 25px 40px 25px !important;\n}\n}\n\n@media only screen and (max-width: 479px){ \n.responsive #top #wrap_all .flex_cell.av-5cbglu-817787cd41ed66e2f5f086ffa38fc7f6{\npadding:45px 25px 45px 25px !important;\n}\n}\n<\/style>\n<div class='flex_cell av-5cbglu-817787cd41ed66e2f5f086ffa38fc7f6 av-gridrow-cell av_one_third no_margin  avia-builder-el-13  el_before_av_cell_one_third  avia-builder-el-first  av-zero-padding avia-full-stretch'  ><div class='flex_cell_inner'><\/div><\/div>\n<style type=\"text\/css\" data-created_by=\"avia_inline_auto\" id=\"style-css-av-4idcvm-03f1d7a163021b448cb93af844f0da82\">\n.flex_cell.av-4idcvm-03f1d7a163021b448cb93af844f0da82{\nvertical-align:top;\nheight:15px;\nmin-height:15px;\nbackground-color:#22311d;\n}\n.responsive #top #wrap_all .flex_cell.av-4idcvm-03f1d7a163021b448cb93af844f0da82{\npadding:0px 0px 0px 0px !important;\n}\n<\/style>\n<div class='flex_cell av-4idcvm-03f1d7a163021b448cb93af844f0da82 av-gridrow-cell av_one_third no_margin  avia-builder-el-14  el_after_av_cell_one_third  el_before_av_cell_one_third  av-zero-padding avia-full-stretch'  ><div class='flex_cell_inner'><\/div><\/div>\n<style type=\"text\/css\" data-created_by=\"avia_inline_auto\" id=\"style-css-av-2pwr7m-d2c3d0d1ee8e677a45bafc0fb681cf32\">\n.flex_cell.av-2pwr7m-d2c3d0d1ee8e677a45bafc0fb681cf32{\nvertical-align:top;\nheight:15px;\nmin-height:15px;\nbackground-color:#f4941c;\n}\n.responsive #top #wrap_all .flex_cell.av-2pwr7m-d2c3d0d1ee8e677a45bafc0fb681cf32{\npadding:0px 0px 0px 0px !important;\n}\n<\/style>\n<div class='flex_cell av-2pwr7m-d2c3d0d1ee8e677a45bafc0fb681cf32 av-gridrow-cell av_one_third no_margin  avia-builder-el-15  el_after_av_cell_one_third  avia-builder-el-last  av-zero-padding avia-full-stretch'  ><div class='flex_cell_inner'><\/div><\/div>\n<\/div><\/p>\n","protected":false},"excerpt":{"rendered":"","protected":false},"author":1,"featured_media":0,"parent":0,"menu_order":0,"comment_status":"closed","ping_status":"closed","template":"","meta":{"footnotes":""},"class_list":["post-1475","page","type-page","status-publish","hentry"],"_links":{"self":[{"href":"https:\/\/afreektoursandtravel.com\/wp-de\/wp-json\/wp\/v2\/pages\/1475","targetHints":{"allow":["GET"]}}],"collection":[{"href":"https:\/\/afreektoursandtravel.com\/wp-de\/wp-json\/wp\/v2\/pages"}],"about":[{"href":"https:\/\/afreektoursandtravel.com\/wp-de\/wp-json\/wp\/v2\/types\/page"}],"author":[{"embeddable":true,"href":"https:\/\/afreektoursandtravel.com\/wp-de\/wp-json\/wp\/v2\/users\/1"}],"replies":[{"embeddable":true,"href":"https:\/\/afreektoursandtravel.com\/wp-de\/wp-json\/wp\/v2\/comments?post=1475"}],"version-history":[{"count":1,"href":"https:\/\/afreektoursandtravel.com\/wp-de\/wp-json\/wp\/v2\/pages\/1475\/revisions"}],"predecessor-version":[{"id":1476,"href":"https:\/\/afreektoursandtravel.com\/wp-de\/wp-json\/wp\/v2\/pages\/1475\/revisions\/1476"}],"wp:attachment":[{"href":"https:\/\/afreektoursandtravel.com\/wp-de\/wp-json\/wp\/v2\/media?parent=1475"}],"curies":[{"name":"wp","href":"https:\/\/api.w.org\/{rel}","templated":true}]}}